{"id":6955,"date":"2026-03-01T14:06:13","date_gmt":"2026-03-01T13:06:13","guid":{"rendered":"https:\/\/4planning.nl\/?page_id=6955"},"modified":"2026-03-01T16:12:08","modified_gmt":"2026-03-01T15:12:08","slug":"contributie","status":"publish","type":"page","link":"https:\/\/4planning.nl\/de\/functies\/contributie\/","title":{"rendered":"Beitrag"},"content":{"rendered":"<div data-elementor-type=\"wp-page\" data-elementor-id=\"6955\" class=\"elementor elementor-6955\" data-elementor-post-type=\"page\">\n\t\t\t\t<div class=\"elementor-element elementor-element-3c174a9 e-flex e-con-boxed e-con e-parent\" data-id=\"3c174a9\" data-element_type=\"container\" data-e-type=\"container\">\n\t\t\t\t\t<div class=\"e-con-inner\">\n\t\t\t\t<div class=\"elementor-element elementor-element-8783e2f elementor-widget-tablet__width-inherit elementor-widget-mobile__width-inherit elementor-widget elementor-widget-heading\" data-id=\"8783e2f\" data-element_type=\"widget\" data-e-type=\"widget\" data-widget_type=\"heading.default\">\n\t\t\t\t<div class=\"elementor-widget-container\">\n\t\t\t\t\t<span class=\"elementor-heading-title elementor-size-default\">Einziehung von Beitr\u00e4gen innerhalb Ihrer Organisation<\/span>\t\t\t\t<\/div>\n\t\t\t\t<\/div>\n\t\t\t\t<div class=\"elementor-element elementor-element-00d30a9 elementor-widget__width-initial elementor-widget-tablet__width-inherit elementor-widget-mobile__width-inherit elementor-widget elementor-widget-heading\" data-id=\"00d30a9\" data-element_type=\"widget\" data-e-type=\"widget\" data-widget_type=\"heading.default\">\n\t\t\t\t<div class=\"elementor-widget-container\">\n\t\t\t\t\t<h2 class=\"elementor-heading-title elementor-size-default\">Intelligente Beitragsverwaltung f\u00fcr mehr Ruhe und \u00dcbersicht<\/h2>\t\t\t\t<\/div>\n\t\t\t\t<\/div>\n\t\t\t\t<div class=\"elementor-element elementor-element-c6846f6 elementor-widget elementor-widget-text-editor\" data-id=\"c6846f6\" data-element_type=\"widget\" data-e-type=\"widget\" data-widget_type=\"text-editor.default\">\n\t\t\t\t<div class=\"elementor-widget-container\">\n\t\t\t\t\t\t\t\t\t<p>Der Einzug und die Verwaltung von Beitr\u00e4gen ist f\u00fcr viele Organisationen immer noch unn\u00f6tig zeitaufw\u00e4ndig. Manuelle Zahlungen, lose Excel-Tabellen und Mahnungen per E-Mail oder WhatsApp f\u00fchren zu Fehlern, Unklarheiten und Frustration. Au\u00dferdem ist es schwierig, den \u00dcberblick dar\u00fcber zu behalten, wer gezahlt hat und wer nicht.<\/p><p>Mit der Beitragsfunktion von 4planning k\u00f6nnen Sie diesen Prozess vollst\u00e4ndig automatisieren. Sie richten einfach Beitragspl\u00e4ne ein und lassen die Zahlungen automatisch, z. B. per Lastschrift, vornehmen. Auf diese Weise m\u00fcssen Sie den Zahlungen nicht mehr hinterherlaufen und sparen wertvolle Zeit.<\/p>\t\t\t\t\t\t\t\t<\/div>\n\t\t\t\t<\/div>\n\t\t\t\t\t<\/div>\n\t\t\t\t<\/div>\n\t\t<div class=\"elementor-element elementor-element-0cc5d40 e-flex e-con-boxed e-con e-parent\" data-id=\"0cc5d40\" data-element_type=\"container\" data-e-type=\"container\">\n\t\t\t\t\t<div class=\"e-con-inner\">\n\t\t\t\t<div class=\"elementor-element elementor-element-70fb056 elementor-widget-tablet__width-inherit elementor-widget-mobile__width-inherit elementor-widget elementor-widget-heading\" data-id=\"70fb056\" data-element_type=\"widget\" data-e-type=\"widget\" data-widget_type=\"heading.default\">\n\t\t\t\t<div class=\"elementor-widget-container\">\n\t\t\t\t\t<span class=\"elementor-heading-title elementor-size-default\">Funktionen<\/span>\t\t\t\t<\/div>\n\t\t\t\t<\/div>\n\t\t\t\t<div class=\"elementor-element elementor-element-c58d6b4 elementor-widget__width-initial elementor-widget-tablet__width-inherit elementor-widget-mobile__width-inherit elementor-widget elementor-widget-heading\" data-id=\"c58d6b4\" data-element_type=\"widget\" data-e-type=\"widget\" data-widget_type=\"heading.default\">\n\t\t\t\t<div class=\"elementor-widget-container\">\n\t\t\t\t\t<h2 class=\"elementor-heading-title elementor-size-default\">Alles, was Sie f\u00fcr ein effizientes Beitragsmanagement brauchen<\/h2>\t\t\t\t<\/div>\n\t\t\t\t<\/div>\n\t\t\t\t<div class=\"elementor-element elementor-element-f787a3b elementor-widget elementor-widget-text-editor\" data-id=\"f787a3b\" data-element_type=\"widget\" data-e-type=\"widget\" data-widget_type=\"text-editor.default\">\n\t\t\t\t<div class=\"elementor-widget-container\">\n\t\t\t\t\t\t\t\t\tMit den Funktionalit\u00e4ten von 4planning sparen Sie wertvolle Zeit und schaffen mehr Ruhe und \u00dcbersicht in Ihrer Organisation. Alles, was Sie f\u00fcr die Planung, Kommunikation und Verwaltung ben\u00f6tigen, finden Sie in einer einzigen benutzerfreundlichen App. So arbeiten Sie effizienter zusammen, vermeiden getrennte Systeme und haben mehr Zeit f\u00fcr das, was wirklich wichtig ist.\t\t\t\t\t\t\t\t<\/div>\n\t\t\t\t<\/div>\n\t\t<div class=\"elementor-element elementor-element-85a8559 e-grid e-con-full e-con e-child\" data-id=\"85a8559\" data-element_type=\"container\" data-e-type=\"container\">\n\t\t\t\t<div class=\"elementor-element elementor-element-5a09205 elementor-widget__width-inherit elementor-widget elementor-widget-icon-box\" data-id=\"5a09205\" data-element_type=\"widget\" data-e-type=\"widget\" data-widget_type=\"icon-box.default\">\n\t\t\t\t<div class=\"elementor-widget-container\">\n\t\t\t\t\t\t\t<div class=\"elementor-icon-box-wrapper\">\n\n\t\t\t\n\t\t\t\t\t\t<div class=\"elementor-icon-box-content\">\n\n\t\t\t\t\t\t\t\t\t<h3 class=\"elementor-icon-box-title\">\n\t\t\t\t\t\t<span  >\n\t\t\t\t\t\t\tBeitragspl\u00e4ne\t\t\t\t\t\t<\/span>\n\t\t\t\t\t<\/h3>\n\t\t\t\t\n\t\t\t\t\t\t\t\t\t<p class=\"elementor-icon-box-description\">\n\t\t\t\t\t\tLegen Sie ganz einfach Beitragspl\u00e4ne mit einem festen Betrag und Intervall fest, z. B. monatlich oder j\u00e4hrlich. Mit der Vorank\u00fcndigung erhalten die Mitglieder automatisch eine Benachrichtigung vor dem Einzug, sodass alle gut vorbereitet sind und die Zahlungen reibungslos ablaufen.\t\t\t\t\t<\/p>\n\t\t\t\t\n\t\t\t<\/div>\n\t\t\t\n\t\t<\/div>\n\t\t\t\t\t\t<\/div>\n\t\t\t\t<\/div>\n\t\t\t\t<div class=\"elementor-element elementor-element-6fa834e elementor-widget__width-inherit elementor-widget elementor-widget-icon-box\" data-id=\"6fa834e\" data-element_type=\"widget\" data-e-type=\"widget\" data-widget_type=\"icon-box.default\">\n\t\t\t\t<div class=\"elementor-widget-container\">\n\t\t\t\t\t\t\t<div class=\"elementor-icon-box-wrapper\">\n\n\t\t\t\n\t\t\t\t\t\t<div class=\"elementor-icon-box-content\">\n\n\t\t\t\t\t\t\t\t\t<h3 class=\"elementor-icon-box-title\">\n\t\t\t\t\t\t<span  >\n\t\t\t\t\t\t\tAbonnements\t\t\t\t\t\t<\/span>\n\t\t\t\t\t<\/h3>\n\t\t\t\t\n\t\t\t\t\t\t\t\t\t<p class=\"elementor-icon-box-description\">\n\t\t\t\t\t\tVerwalten Sie ganz einfach die Mitgliedsbeitr\u00e4ge pro Mitglied oder pro Gruppe mit einem eindeutigen Startdatum und einer Zahlungsmethode wie iDEAL, Lastschrift oder Bank\u00fcberweisung. Sie sehen sofort, wer bezahlt hat und wann die n\u00e4chste Rate f\u00e4llig ist. Ohne Fixkosten, nur 1 \u20ac pro Transaktion.\t\t\t\t\t<\/p>\n\t\t\t\t\n\t\t\t<\/div>\n\t\t\t\n\t\t<\/div>\n\t\t\t\t\t\t<\/div>\n\t\t\t\t<\/div>\n\t\t\t\t<div class=\"elementor-element elementor-element-d7a40f7 elementor-widget__width-inherit elementor-widget elementor-widget-icon-box\" data-id=\"d7a40f7\" data-element_type=\"widget\" data-e-type=\"widget\" data-widget_type=\"icon-box.default\">\n\t\t\t\t<div class=\"elementor-widget-container\">\n\t\t\t\t\t\t\t<div class=\"elementor-icon-box-wrapper\">\n\n\t\t\t\n\t\t\t\t\t\t<div class=\"elementor-icon-box-content\">\n\n\t\t\t\t\t\t\t\t\t<h3 class=\"elementor-icon-box-title\">\n\t\t\t\t\t\t<span  >\n\t\t\t\t\t\t\tBedingungen\t\t\t\t\t\t<\/span>\n\t\t\t\t\t<\/h3>\n\t\t\t\t\n\t\t\t\t\t\t\t\t\t<p class=\"elementor-icon-box-description\">\n\t\t\t\t\t\tSie erhalten einen vollst\u00e4ndigen Einblick in alle Beitragszahlungen pro Mitglied. Sie sehen sofort, welche Zahlungen verschickt wurden, ob sie erfolgreich waren und wo noch Handlungsbedarf besteht. So bleibt Ihre Finanzverwaltung \u00fcbersichtlich und unter Kontrolle.\t\t\t\t\t<\/p>\n\t\t\t\t\n\t\t\t<\/div>\n\t\t\t\n\t\t<\/div>\n\t\t\t\t\t\t<\/div>\n\t\t\t\t<\/div>\n\t\t\t\t<div class=\"elementor-element elementor-element-5b1b3df elementor-widget__width-inherit elementor-widget elementor-widget-icon-box\" data-id=\"5b1b3df\" data-element_type=\"widget\" data-e-type=\"widget\" data-widget_type=\"icon-box.default\">\n\t\t\t\t<div class=\"elementor-widget-container\">\n\t\t\t\t\t\t\t<div class=\"elementor-icon-box-wrapper\">\n\n\t\t\t\n\t\t\t\t\t\t<div class=\"elementor-icon-box-content\">\n\n\t\t\t\t\t\t\t\t\t<h3 class=\"elementor-icon-box-title\">\n\t\t\t\t\t\t<span  >\n\t\t\t\t\t\t\t\u00dcberblick \u00fcber die Finanzen.\t\t\t\t\t\t<\/span>\n\t\t\t\t\t<\/h3>\n\t\t\t\t\n\t\t\t\t\t\t\t\t\t<p class=\"elementor-icon-box-description\">\n\t\t\t\t\t\tSehen Sie alle ausstehenden Betr\u00e4ge innerhalb Ihrer Organisation auf einen Blick. Automatische Mahnungen sorgen daf\u00fcr, dass Mitglieder oder Kunden p\u00fcnktlich zahlen, ohne dass zus\u00e4tzliche manuelle Arbeit anf\u00e4llt. So behalten Sie die Kontrolle \u00fcber Ihre Einnahmen und vermeiden Zahlungsr\u00fcckst\u00e4nde.\t\t\t\t\t<\/p>\n\t\t\t\t\n\t\t\t<\/div>\n\t\t\t\n\t\t<\/div>\n\t\t\t\t\t\t<\/div>\n\t\t\t\t<\/div>\n\t\t\t\t<div class=\"elementor-element elementor-element-6a6ae6b elementor-widget__width-inherit elementor-widget elementor-widget-icon-box\" data-id=\"6a6ae6b\" data-element_type=\"widget\" data-e-type=\"widget\" data-widget_type=\"icon-box.default\">\n\t\t\t\t<div class=\"elementor-widget-container\">\n\t\t\t\t\t\t\t<div class=\"elementor-icon-box-wrapper\">\n\n\t\t\t\n\t\t\t\t\t\t<div class=\"elementor-icon-box-content\">\n\n\t\t\t\t\t\t\t\t\t<h3 class=\"elementor-icon-box-title\">\n\t\t\t\t\t\t<span  >\n\t\t\t\t\t\t\tAufschlussreich f\u00fcr Mitglieder\t\t\t\t\t\t<\/span>\n\t\t\t\t\t<\/h3>\n\t\t\t\t\n\t\t\t\t\t\t\t\t\t<p class=\"elementor-icon-box-description\">\n\t\t\t\t\t\tDie Mitglieder werden automatisch in der App und per E-Mail benachrichtigt, wenn eine Zahlung ansteht oder automatisch eingezogen wird. In ihrem pers\u00f6nlichen Konto sehen sie immer ihre Beitr\u00e4ge, den Status und die Zahlungszeitpunkte, damit alles \u00fcbersichtlich und bequem bleibt.\t\t\t\t\t<\/p>\n\t\t\t\t\n\t\t\t<\/div>\n\t\t\t\n\t\t<\/div>\n\t\t\t\t\t\t<\/div>\n\t\t\t\t<\/div>\n\t\t\t\t<div class=\"elementor-element elementor-element-1141114 elementor-widget__width-inherit elementor-widget elementor-widget-icon-box\" data-id=\"1141114\" data-element_type=\"widget\" data-e-type=\"widget\" data-widget_type=\"icon-box.default\">\n\t\t\t\t<div class=\"elementor-widget-container\">\n\t\t\t\t\t\t\t<div class=\"elementor-icon-box-wrapper\">\n\n\t\t\t\n\t\t\t\t\t\t<div class=\"elementor-icon-box-content\">\n\n\t\t\t\t\t\t\t\t\t<h3 class=\"elementor-icon-box-title\">\n\t\t\t\t\t\t<span  >\n\t\t\t\t\t\t\tAuszahlung\t\t\t\t\t\t<\/span>\n\t\t\t\t\t<\/h3>\n\t\t\t\t\n\t\t\t\t\t\t\t\t\t<p class=\"elementor-icon-box-description\">\n\t\t\t\t\t\tDie Beitr\u00e4ge werden automatisch eingezogen und jede Woche montags an die Organisation \u00fcberwiesen. Pro Zahlung wird eine Bearbeitungsgeb\u00fchr von 1 \u20ac erhoben, unabh\u00e4ngig davon, ob das Mitglied per iDEAL oder per Lastschriftverfahren zahlt. Diese Kosten werden vom Mitglied getragen, so dass Ihnen als Organisation keine zus\u00e4tzlichen Kosten entstehen.\t\t\t\t\t<\/p>\n\t\t\t\t\n\t\t\t<\/div>\n\t\t\t\n\t\t<\/div>\n\t\t\t\t\t\t<\/div>\n\t\t\t\t<\/div>\n\t\t\t\t<\/div>\n\t\t\t\t\t<\/div>\n\t\t\t\t<\/div>\n\t\t\t\t<\/div>","protected":false},"excerpt":{"rendered":"<p>Contributie innen binnen je organisatie Slim contributiebeheer voor rust en overzicht Het innen en beheren van contributies kost veel organisaties nog steeds onnodig veel tijd. Handmatige betalingen, losse Excel-overzichten en herinneringen via e-mail of WhatsApp zorgen voor fouten, onduidelijkheid en frustratie. Bovendien is het lastig om overzicht te houden over wie wel en niet heeft [&hellip;]<\/p>\n","protected":false},"author":1,"featured_media":0,"parent":474,"menu_order":0,"comment_status":"closed","ping_status":"closed","template":"","meta":{"_acf_changed":false,"footnotes":""},"class_list":["post-6955","page","type-page","status-publish","hentry"],"acf":[],"yoast_head":"<!-- This site is optimized with the Yoast SEO plugin v27.0 - https:\/\/yoast.com\/product\/yoast-seo-wordpress\/ -->\n<title>Contributie - 4planning.nl<\/title>\n<meta name=\"description\" content=\"Automatiseer contributies en betalingen met 4planning. Bespaar tijd, krijg inzicht in betalingen en houd eenvoudig overzicht over je financi\u00eble administratie.\" \/>\n<meta name=\"robots\" content=\"index, follow, max-snippet:-1, max-image-preview:large, max-video-preview:-1\" \/>\n<link rel=\"canonical\" href=\"https:\/\/4planning.nl\/de\/functies\/contributie\/\" \/>\n<meta property=\"og:locale\" content=\"de_DE\" \/>\n<meta property=\"og:type\" content=\"article\" \/>\n<meta property=\"og:title\" content=\"Contributie - 4planning.nl\" \/>\n<meta property=\"og:description\" content=\"Automatiseer contributies en betalingen met 4planning. Bespaar tijd, krijg inzicht in betalingen en houd eenvoudig overzicht over je financi\u00eble administratie.\" \/>\n<meta property=\"og:url\" content=\"https:\/\/4planning.nl\/de\/functies\/contributie\/\" \/>\n<meta property=\"og:site_name\" content=\"4planning.nl\" \/>\n<meta property=\"article:modified_time\" content=\"2026-03-01T15:12:08+00:00\" \/>\n<meta name=\"twitter:card\" content=\"summary_large_image\" \/>\n<meta name=\"twitter:label1\" content=\"Gesch\u00e4tzte Lesezeit\" \/>\n\t<meta name=\"twitter:data1\" content=\"1\u00a0Minute\" \/>\n<script type=\"application\/ld+json\" class=\"yoast-schema-graph\">{\"@context\":\"https:\/\/schema.org\",\"@graph\":[{\"@type\":\"WebPage\",\"@id\":\"https:\/\/4planning.nl\/functies\/contributie\/\",\"url\":\"https:\/\/4planning.nl\/functies\/contributie\/\",\"name\":\"Contributie - 4planning.nl\",\"isPartOf\":{\"@id\":\"https:\/\/4planning.nl\/#website\"},\"datePublished\":\"2026-03-01T13:06:13+00:00\",\"dateModified\":\"2026-03-01T15:12:08+00:00\",\"description\":\"Automatiseer contributies en betalingen met 4planning. Bespaar tijd, krijg inzicht in betalingen en houd eenvoudig overzicht over je financi\u00eble administratie.\",\"breadcrumb\":{\"@id\":\"https:\/\/4planning.nl\/functies\/contributie\/#breadcrumb\"},\"inLanguage\":\"de\",\"potentialAction\":[{\"@type\":\"ReadAction\",\"target\":[\"https:\/\/4planning.nl\/functies\/contributie\/\"]}]},{\"@type\":\"BreadcrumbList\",\"@id\":\"https:\/\/4planning.nl\/functies\/contributie\/#breadcrumb\",\"itemListElement\":[{\"@type\":\"ListItem\",\"position\":1,\"name\":\"Home\",\"item\":\"https:\/\/4planning.nl\/\"},{\"@type\":\"ListItem\",\"position\":2,\"name\":\"Functies\",\"item\":\"https:\/\/4planning.nl\/functies\/\"},{\"@type\":\"ListItem\",\"position\":3,\"name\":\"Contributie\"}]},{\"@type\":\"WebSite\",\"@id\":\"https:\/\/4planning.nl\/#website\",\"url\":\"https:\/\/4planning.nl\/\",\"name\":\"4planning.nl\",\"description\":\"Maakt plannen eenvoudig!\",\"publisher\":{\"@id\":\"https:\/\/4planning.nl\/#organization\"},\"potentialAction\":[{\"@type\":\"SearchAction\",\"target\":{\"@type\":\"EntryPoint\",\"urlTemplate\":\"https:\/\/4planning.nl\/?s={search_term_string}\"},\"query-input\":{\"@type\":\"PropertyValueSpecification\",\"valueRequired\":true,\"valueName\":\"search_term_string\"}}],\"inLanguage\":\"de\"},{\"@type\":\"Organization\",\"@id\":\"https:\/\/4planning.nl\/#organization\",\"name\":\"4planning.nl\",\"url\":\"https:\/\/4planning.nl\/\",\"logo\":{\"@type\":\"ImageObject\",\"inLanguage\":\"de\",\"@id\":\"https:\/\/4planning.nl\/#\/schema\/logo\/image\/\",\"url\":\"https:\/\/4planning.nl\/wp-content\/uploads\/2024\/08\/4planning-logo.png\",\"contentUrl\":\"https:\/\/4planning.nl\/wp-content\/uploads\/2024\/08\/4planning-logo.png\",\"width\":4569,\"height\":783,\"caption\":\"4planning.nl\"},\"image\":{\"@id\":\"https:\/\/4planning.nl\/#\/schema\/logo\/image\/\"}}]}<\/script>\n<!-- \/ Yoast SEO plugin. -->","yoast_head_json":{"title":"Contributie - 4planning.nl","description":"Automatiseer contributies en betalingen met 4planning. Bespaar tijd, krijg inzicht in betalingen en houd eenvoudig overzicht over je financi\u00eble administratie.","robots":{"index":"index","follow":"follow","max-snippet":"max-snippet:-1","max-image-preview":"max-image-preview:large","max-video-preview":"max-video-preview:-1"},"canonical":"https:\/\/4planning.nl\/de\/functies\/contributie\/","og_locale":"de_DE","og_type":"article","og_title":"Contributie - 4planning.nl","og_description":"Automatiseer contributies en betalingen met 4planning. Bespaar tijd, krijg inzicht in betalingen en houd eenvoudig overzicht over je financi\u00eble administratie.","og_url":"https:\/\/4planning.nl\/de\/functies\/contributie\/","og_site_name":"4planning.nl","article_modified_time":"2026-03-01T15:12:08+00:00","twitter_card":"summary_large_image","twitter_misc":{"Gesch\u00e4tzte Lesezeit":"1\u00a0Minute"},"schema":{"@context":"https:\/\/schema.org","@graph":[{"@type":"WebPage","@id":"https:\/\/4planning.nl\/functies\/contributie\/","url":"https:\/\/4planning.nl\/functies\/contributie\/","name":"Contributie - 4planning.nl","isPartOf":{"@id":"https:\/\/4planning.nl\/#website"},"datePublished":"2026-03-01T13:06:13+00:00","dateModified":"2026-03-01T15:12:08+00:00","description":"Automatiseer contributies en betalingen met 4planning. Bespaar tijd, krijg inzicht in betalingen en houd eenvoudig overzicht over je financi\u00eble administratie.","breadcrumb":{"@id":"https:\/\/4planning.nl\/functies\/contributie\/#breadcrumb"},"inLanguage":"de","potentialAction":[{"@type":"ReadAction","target":["https:\/\/4planning.nl\/functies\/contributie\/"]}]},{"@type":"BreadcrumbList","@id":"https:\/\/4planning.nl\/functies\/contributie\/#breadcrumb","itemListElement":[{"@type":"ListItem","position":1,"name":"Home","item":"https:\/\/4planning.nl\/"},{"@type":"ListItem","position":2,"name":"Functies","item":"https:\/\/4planning.nl\/functies\/"},{"@type":"ListItem","position":3,"name":"Contributie"}]},{"@type":"WebSite","@id":"https:\/\/4planning.nl\/#website","url":"https:\/\/4planning.nl\/","name":"4planning.co.uk","description":"Das macht die Planung leicht!","publisher":{"@id":"https:\/\/4planning.nl\/#organization"},"potentialAction":[{"@type":"SearchAction","target":{"@type":"EntryPoint","urlTemplate":"https:\/\/4planning.nl\/?s={search_term_string}"},"query-input":{"@type":"PropertyValueSpecification","valueRequired":true,"valueName":"search_term_string"}}],"inLanguage":"de"},{"@type":"Organization","@id":"https:\/\/4planning.nl\/#organization","name":"4planning.co.uk","url":"https:\/\/4planning.nl\/","logo":{"@type":"ImageObject","inLanguage":"de","@id":"https:\/\/4planning.nl\/#\/schema\/logo\/image\/","url":"https:\/\/4planning.nl\/wp-content\/uploads\/2024\/08\/4planning-logo.png","contentUrl":"https:\/\/4planning.nl\/wp-content\/uploads\/2024\/08\/4planning-logo.png","width":4569,"height":783,"caption":"4planning.nl"},"image":{"@id":"https:\/\/4planning.nl\/#\/schema\/logo\/image\/"}}]}},"_links":{"self":[{"href":"https:\/\/4planning.nl\/de\/wp-json\/wp\/v2\/pages\/6955","targetHints":{"allow":["GET"]}}],"collection":[{"href":"https:\/\/4planning.nl\/de\/wp-json\/wp\/v2\/pages"}],"about":[{"href":"https:\/\/4planning.nl\/de\/wp-json\/wp\/v2\/types\/page"}],"author":[{"embeddable":true,"href":"https:\/\/4planning.nl\/de\/wp-json\/wp\/v2\/users\/1"}],"replies":[{"embeddable":true,"href":"https:\/\/4planning.nl\/de\/wp-json\/wp\/v2\/comments?post=6955"}],"version-history":[{"count":0,"href":"https:\/\/4planning.nl\/de\/wp-json\/wp\/v2\/pages\/6955\/revisions"}],"up":[{"embeddable":true,"href":"https:\/\/4planning.nl\/de\/wp-json\/wp\/v2\/pages\/474"}],"wp:attachment":[{"href":"https:\/\/4planning.nl\/de\/wp-json\/wp\/v2\/media?parent=6955"}],"curies":[{"name":"wp","href":"https:\/\/api.w.org\/{rel}","templated":true}]}}