{"id":6951,"date":"2026-03-01T14:05:37","date_gmt":"2026-03-01T13:05:37","guid":{"rendered":"https:\/\/4planning.nl\/?page_id=6951"},"modified":"2026-03-01T16:30:36","modified_gmt":"2026-03-01T15:30:36","slug":"veiligheid-autorisatie","status":"publish","type":"page","link":"https:\/\/4planning.nl\/de\/functies\/veiligheid-autorisatie\/","title":{"rendered":"Sicherheit und Zulassung"},"content":{"rendered":"<div data-elementor-type=\"wp-page\" data-elementor-id=\"6951\" class=\"elementor elementor-6951\" data-elementor-post-type=\"page\">\n\t\t\t\t<div class=\"elementor-element elementor-element-55cec2a e-flex e-con-boxed e-con e-parent\" data-id=\"55cec2a\" data-element_type=\"container\" data-e-type=\"container\">\n\t\t\t\t\t<div class=\"e-con-inner\">\n\t\t\t\t<div class=\"elementor-element elementor-element-5a70531 elementor-widget-tablet__width-inherit elementor-widget-mobile__width-inherit elementor-widget elementor-widget-heading\" data-id=\"5a70531\" data-element_type=\"widget\" data-e-type=\"widget\" data-widget_type=\"heading.default\">\n\t\t\t\t<div class=\"elementor-widget-container\">\n\t\t\t\t\t<span class=\"elementor-heading-title elementor-size-default\">Sicherheit \u00fcber alles<\/span>\t\t\t\t<\/div>\n\t\t\t\t<\/div>\n\t\t\t\t<div class=\"elementor-element elementor-element-532e796 elementor-widget__width-initial elementor-widget-tablet__width-inherit elementor-widget-mobile__width-inherit elementor-widget elementor-widget-heading\" data-id=\"532e796\" data-element_type=\"widget\" data-e-type=\"widget\" data-widget_type=\"heading.default\">\n\t\t\t\t<div class=\"elementor-widget-container\">\n\t\t\t\t\t<h2 class=\"elementor-heading-title elementor-size-default\">Sichere Zusammenarbeit mit Schutz der Privatsph\u00e4re und Zugang<\/h2>\t\t\t\t<\/div>\n\t\t\t\t<\/div>\n\t\t\t\t<div class=\"elementor-element elementor-element-28294a6 elementor-widget elementor-widget-text-editor\" data-id=\"28294a6\" data-element_type=\"widget\" data-e-type=\"widget\" data-widget_type=\"text-editor.default\">\n\t\t\t\t<div class=\"elementor-widget-container\">\n\t\t\t\t\t\t\t\t\t<p>In einer digitalen Organisation ist die Sicherheit wichtiger denn je. Mitglieder, Freiwillige und Mitarbeiter tauschen pers\u00f6nliche Daten aus, kommunizieren miteinander und arbeiten in einer gemeinsamen Umgebung zusammen. Daher ist es wichtig, dass diese Informationen gut gesch\u00fctzt sind und dass jeder wei\u00df, wer was sehen kann.<\/p><p>Mit 4planning arbeiten Sie in einer sicheren und zuverl\u00e4ssigen Umgebung. Moderne Sicherheitsma\u00dfnahmen, wie die Zwei-Schritt-Verifizierung (2FA), sorgen daf\u00fcr, dass Konten zus\u00e4tzlich vor unerw\u00fcnschtem Zugriff gesch\u00fctzt sind. Das gibt dem Vorstand und den Mitgliedern das Vertrauen, dass ihre Daten sicher sind.<\/p>\t\t\t\t\t\t\t\t<\/div>\n\t\t\t\t<\/div>\n\t\t\t\t\t<\/div>\n\t\t\t\t<\/div>\n\t\t<div class=\"elementor-element elementor-element-4c8e541 e-flex e-con-boxed e-con e-parent\" data-id=\"4c8e541\" data-element_type=\"container\" data-e-type=\"container\">\n\t\t\t\t\t<div class=\"e-con-inner\">\n\t\t\t\t<div class=\"elementor-element elementor-element-b55e6de elementor-widget-tablet__width-inherit elementor-widget-mobile__width-inherit elementor-widget elementor-widget-heading\" data-id=\"b55e6de\" data-element_type=\"widget\" data-e-type=\"widget\" data-widget_type=\"heading.default\">\n\t\t\t\t<div class=\"elementor-widget-container\">\n\t\t\t\t\t<span class=\"elementor-heading-title elementor-size-default\">Funktionen<\/span>\t\t\t\t<\/div>\n\t\t\t\t<\/div>\n\t\t\t\t<div class=\"elementor-element elementor-element-9afb18a elementor-widget__width-initial elementor-widget-tablet__width-inherit elementor-widget-mobile__width-inherit elementor-widget elementor-widget-heading\" data-id=\"9afb18a\" data-element_type=\"widget\" data-e-type=\"widget\" data-widget_type=\"heading.default\">\n\t\t\t\t<div class=\"elementor-widget-container\">\n\t\t\t\t\t<h2 class=\"elementor-heading-title elementor-size-default\">Alles, was Sie f\u00fcr die sichere Verwaltung von Zugang und Datenschutz ben\u00f6tigen<\/h2>\t\t\t\t<\/div>\n\t\t\t\t<\/div>\n\t\t\t\t<div class=\"elementor-element elementor-element-3f8e80d elementor-widget elementor-widget-text-editor\" data-id=\"3f8e80d\" data-element_type=\"widget\" data-e-type=\"widget\" data-widget_type=\"text-editor.default\">\n\t\t\t\t<div class=\"elementor-widget-container\">\n\t\t\t\t\t\t\t\t\tMit den Funktionalit\u00e4ten von 4planning sparen Sie wertvolle Zeit und schaffen mehr Ruhe und \u00dcbersicht in Ihrer Organisation. Alles, was Sie f\u00fcr die Planung, Kommunikation und Verwaltung ben\u00f6tigen, finden Sie in einer einzigen benutzerfreundlichen App. So arbeiten Sie effizienter zusammen, vermeiden getrennte Systeme und haben mehr Zeit f\u00fcr das, was wirklich wichtig ist.\t\t\t\t\t\t\t\t<\/div>\n\t\t\t\t<\/div>\n\t\t<div class=\"elementor-element elementor-element-7320305 e-grid e-con-full e-con e-child\" data-id=\"7320305\" data-element_type=\"container\" data-e-type=\"container\">\n\t\t\t\t<div class=\"elementor-element elementor-element-78d87bb elementor-widget__width-inherit elementor-widget elementor-widget-icon-box\" data-id=\"78d87bb\" data-element_type=\"widget\" data-e-type=\"widget\" data-widget_type=\"icon-box.default\">\n\t\t\t\t<div class=\"elementor-widget-container\">\n\t\t\t\t\t\t\t<div class=\"elementor-icon-box-wrapper\">\n\n\t\t\t\n\t\t\t\t\t\t<div class=\"elementor-icon-box-content\">\n\n\t\t\t\t\t\t\t\t\t<h3 class=\"elementor-icon-box-title\">\n\t\t\t\t\t\t<span  >\n\t\t\t\t\t\t\tSchutz der Privatsph\u00e4re\t\t\t\t\t\t<\/span>\n\t\t\t\t\t<\/h3>\n\t\t\t\t\n\t\t\t\t\t\t\t\t\t<p class=\"elementor-icon-box-description\">\n\t\t\t\t\t\tDie Mitglieder k\u00f6nnen selbst bestimmen, welche Informationen f\u00fcr andere sichtbar sind, z. B. Anwesenheits- oder Kontaktinformationen. So bleiben pers\u00f6nliche Informationen gesch\u00fctzt und jeder hat die Kontrolle \u00fcber seine Privatsph\u00e4re.\t\t\t\t\t<\/p>\n\t\t\t\t\n\t\t\t<\/div>\n\t\t\t\n\t\t<\/div>\n\t\t\t\t\t\t<\/div>\n\t\t\t\t<\/div>\n\t\t\t\t<div class=\"elementor-element elementor-element-550d668 elementor-widget__width-inherit elementor-widget elementor-widget-icon-box\" data-id=\"550d668\" data-element_type=\"widget\" data-e-type=\"widget\" data-widget_type=\"icon-box.default\">\n\t\t\t\t<div class=\"elementor-widget-container\">\n\t\t\t\t\t\t\t<div class=\"elementor-icon-box-wrapper\">\n\n\t\t\t\n\t\t\t\t\t\t<div class=\"elementor-icon-box-content\">\n\n\t\t\t\t\t\t\t\t\t<h3 class=\"elementor-icon-box-title\">\n\t\t\t\t\t\t<span  >\n\t\t\t\t\t\t\t2FA-Anmeldung\t\t\t\t\t\t<\/span>\n\t\t\t\t\t<\/h3>\n\t\t\t\t\n\t\t\t\t\t\t\t\t\t<p class=\"elementor-icon-box-description\">\n\t\t\t\t\t\tErh\u00f6hen Sie die Sicherheit bei der Anmeldung mit der Zwei-Faktor-Authentifizierung. Neben dem Passwort ist eine zus\u00e4tzliche Authentifizierung erforderlich, so dass Konten besser vor unbefugtem Zugriff gesch\u00fctzt sind.\t\t\t\t\t<\/p>\n\t\t\t\t\n\t\t\t<\/div>\n\t\t\t\n\t\t<\/div>\n\t\t\t\t\t\t<\/div>\n\t\t\t\t<\/div>\n\t\t\t\t<\/div>\n\t\t\t\t\t<\/div>\n\t\t\t\t<\/div>\n\t\t\t\t<\/div>","protected":false},"excerpt":{"rendered":"<p>Veiligheid boven alles Veilig samenwerken met grip op privacy en toegang In een digitale organisatie is veiligheid belangrijker dan ooit. Leden, vrijwilligers en medewerkers delen persoonlijke gegevens, communiceren met elkaar en werken samen in \u00e9\u00e9n omgeving. Daarom is het essentieel dat deze informatie goed beschermd is en dat iedereen weet wie wat kan zien. Met [&hellip;]<\/p>\n","protected":false},"author":1,"featured_media":0,"parent":474,"menu_order":0,"comment_status":"closed","ping_status":"closed","template":"","meta":{"_acf_changed":false,"footnotes":""},"class_list":["post-6951","page","type-page","status-publish","hentry"],"acf":[],"yoast_head":"<!-- This site is optimized with the Yoast SEO plugin v27.0 - https:\/\/yoast.com\/product\/yoast-seo-wordpress\/ -->\n<title>Veiligheid &amp; autorisatie - 4planning.nl<\/title>\n<meta name=\"description\" content=\"Bescherm gegevens met 2FA, autorisaties en privacy-instellingen in 4planning. Geef leden controle over zichtbaarheid en werk veilig volgens AVG-richtlijnen.\" \/>\n<meta name=\"robots\" content=\"index, follow, max-snippet:-1, max-image-preview:large, max-video-preview:-1\" \/>\n<link rel=\"canonical\" href=\"https:\/\/4planning.nl\/de\/functies\/veiligheid-autorisatie\/\" \/>\n<meta property=\"og:locale\" content=\"de_DE\" \/>\n<meta property=\"og:type\" content=\"article\" \/>\n<meta property=\"og:title\" content=\"Veiligheid &amp; autorisatie - 4planning.nl\" \/>\n<meta property=\"og:description\" content=\"Bescherm gegevens met 2FA, autorisaties en privacy-instellingen in 4planning. Geef leden controle over zichtbaarheid en werk veilig volgens AVG-richtlijnen.\" \/>\n<meta property=\"og:url\" content=\"https:\/\/4planning.nl\/de\/functies\/veiligheid-autorisatie\/\" \/>\n<meta property=\"og:site_name\" content=\"4planning.nl\" \/>\n<meta property=\"article:modified_time\" content=\"2026-03-01T15:30:36+00:00\" \/>\n<meta name=\"twitter:card\" content=\"summary_large_image\" \/>\n<meta name=\"twitter:label1\" content=\"Gesch\u00e4tzte Lesezeit\" \/>\n\t<meta name=\"twitter:data1\" content=\"1\u00a0Minute\" \/>\n<script type=\"application\/ld+json\" class=\"yoast-schema-graph\">{\"@context\":\"https:\/\/schema.org\",\"@graph\":[{\"@type\":\"WebPage\",\"@id\":\"https:\/\/4planning.nl\/functies\/veiligheid-autorisatie\/\",\"url\":\"https:\/\/4planning.nl\/functies\/veiligheid-autorisatie\/\",\"name\":\"Veiligheid & autorisatie - 4planning.nl\",\"isPartOf\":{\"@id\":\"https:\/\/4planning.nl\/#website\"},\"datePublished\":\"2026-03-01T13:05:37+00:00\",\"dateModified\":\"2026-03-01T15:30:36+00:00\",\"description\":\"Bescherm gegevens met 2FA, autorisaties en privacy-instellingen in 4planning. Geef leden controle over zichtbaarheid en werk veilig volgens AVG-richtlijnen.\",\"breadcrumb\":{\"@id\":\"https:\/\/4planning.nl\/functies\/veiligheid-autorisatie\/#breadcrumb\"},\"inLanguage\":\"de\",\"potentialAction\":[{\"@type\":\"ReadAction\",\"target\":[\"https:\/\/4planning.nl\/functies\/veiligheid-autorisatie\/\"]}]},{\"@type\":\"BreadcrumbList\",\"@id\":\"https:\/\/4planning.nl\/functies\/veiligheid-autorisatie\/#breadcrumb\",\"itemListElement\":[{\"@type\":\"ListItem\",\"position\":1,\"name\":\"Home\",\"item\":\"https:\/\/4planning.nl\/\"},{\"@type\":\"ListItem\",\"position\":2,\"name\":\"Functies\",\"item\":\"https:\/\/4planning.nl\/functies\/\"},{\"@type\":\"ListItem\",\"position\":3,\"name\":\"Veiligheid &#038; autorisatie\"}]},{\"@type\":\"WebSite\",\"@id\":\"https:\/\/4planning.nl\/#website\",\"url\":\"https:\/\/4planning.nl\/\",\"name\":\"4planning.nl\",\"description\":\"Maakt plannen eenvoudig!\",\"publisher\":{\"@id\":\"https:\/\/4planning.nl\/#organization\"},\"potentialAction\":[{\"@type\":\"SearchAction\",\"target\":{\"@type\":\"EntryPoint\",\"urlTemplate\":\"https:\/\/4planning.nl\/?s={search_term_string}\"},\"query-input\":{\"@type\":\"PropertyValueSpecification\",\"valueRequired\":true,\"valueName\":\"search_term_string\"}}],\"inLanguage\":\"de\"},{\"@type\":\"Organization\",\"@id\":\"https:\/\/4planning.nl\/#organization\",\"name\":\"4planning.nl\",\"url\":\"https:\/\/4planning.nl\/\",\"logo\":{\"@type\":\"ImageObject\",\"inLanguage\":\"de\",\"@id\":\"https:\/\/4planning.nl\/#\/schema\/logo\/image\/\",\"url\":\"https:\/\/4planning.nl\/wp-content\/uploads\/2024\/08\/4planning-logo.png\",\"contentUrl\":\"https:\/\/4planning.nl\/wp-content\/uploads\/2024\/08\/4planning-logo.png\",\"width\":4569,\"height\":783,\"caption\":\"4planning.nl\"},\"image\":{\"@id\":\"https:\/\/4planning.nl\/#\/schema\/logo\/image\/\"}}]}<\/script>\n<!-- \/ Yoast SEO plugin. -->","yoast_head_json":{"title":"Veiligheid & autorisatie - 4planning.nl","description":"Bescherm gegevens met 2FA, autorisaties en privacy-instellingen in 4planning. Geef leden controle over zichtbaarheid en werk veilig volgens AVG-richtlijnen.","robots":{"index":"index","follow":"follow","max-snippet":"max-snippet:-1","max-image-preview":"max-image-preview:large","max-video-preview":"max-video-preview:-1"},"canonical":"https:\/\/4planning.nl\/de\/functies\/veiligheid-autorisatie\/","og_locale":"de_DE","og_type":"article","og_title":"Veiligheid & autorisatie - 4planning.nl","og_description":"Bescherm gegevens met 2FA, autorisaties en privacy-instellingen in 4planning. Geef leden controle over zichtbaarheid en werk veilig volgens AVG-richtlijnen.","og_url":"https:\/\/4planning.nl\/de\/functies\/veiligheid-autorisatie\/","og_site_name":"4planning.nl","article_modified_time":"2026-03-01T15:30:36+00:00","twitter_card":"summary_large_image","twitter_misc":{"Gesch\u00e4tzte Lesezeit":"1\u00a0Minute"},"schema":{"@context":"https:\/\/schema.org","@graph":[{"@type":"WebPage","@id":"https:\/\/4planning.nl\/functies\/veiligheid-autorisatie\/","url":"https:\/\/4planning.nl\/functies\/veiligheid-autorisatie\/","name":"Veiligheid & autorisatie - 4planning.nl","isPartOf":{"@id":"https:\/\/4planning.nl\/#website"},"datePublished":"2026-03-01T13:05:37+00:00","dateModified":"2026-03-01T15:30:36+00:00","description":"Bescherm gegevens met 2FA, autorisaties en privacy-instellingen in 4planning. Geef leden controle over zichtbaarheid en werk veilig volgens AVG-richtlijnen.","breadcrumb":{"@id":"https:\/\/4planning.nl\/functies\/veiligheid-autorisatie\/#breadcrumb"},"inLanguage":"de","potentialAction":[{"@type":"ReadAction","target":["https:\/\/4planning.nl\/functies\/veiligheid-autorisatie\/"]}]},{"@type":"BreadcrumbList","@id":"https:\/\/4planning.nl\/functies\/veiligheid-autorisatie\/#breadcrumb","itemListElement":[{"@type":"ListItem","position":1,"name":"Home","item":"https:\/\/4planning.nl\/"},{"@type":"ListItem","position":2,"name":"Functies","item":"https:\/\/4planning.nl\/functies\/"},{"@type":"ListItem","position":3,"name":"Veiligheid &#038; autorisatie"}]},{"@type":"WebSite","@id":"https:\/\/4planning.nl\/#website","url":"https:\/\/4planning.nl\/","name":"4planning.co.uk","description":"Das macht die Planung leicht!","publisher":{"@id":"https:\/\/4planning.nl\/#organization"},"potentialAction":[{"@type":"SearchAction","target":{"@type":"EntryPoint","urlTemplate":"https:\/\/4planning.nl\/?s={search_term_string}"},"query-input":{"@type":"PropertyValueSpecification","valueRequired":true,"valueName":"search_term_string"}}],"inLanguage":"de"},{"@type":"Organization","@id":"https:\/\/4planning.nl\/#organization","name":"4planning.co.uk","url":"https:\/\/4planning.nl\/","logo":{"@type":"ImageObject","inLanguage":"de","@id":"https:\/\/4planning.nl\/#\/schema\/logo\/image\/","url":"https:\/\/4planning.nl\/wp-content\/uploads\/2024\/08\/4planning-logo.png","contentUrl":"https:\/\/4planning.nl\/wp-content\/uploads\/2024\/08\/4planning-logo.png","width":4569,"height":783,"caption":"4planning.nl"},"image":{"@id":"https:\/\/4planning.nl\/#\/schema\/logo\/image\/"}}]}},"_links":{"self":[{"href":"https:\/\/4planning.nl\/de\/wp-json\/wp\/v2\/pages\/6951","targetHints":{"allow":["GET"]}}],"collection":[{"href":"https:\/\/4planning.nl\/de\/wp-json\/wp\/v2\/pages"}],"about":[{"href":"https:\/\/4planning.nl\/de\/wp-json\/wp\/v2\/types\/page"}],"author":[{"embeddable":true,"href":"https:\/\/4planning.nl\/de\/wp-json\/wp\/v2\/users\/1"}],"replies":[{"embeddable":true,"href":"https:\/\/4planning.nl\/de\/wp-json\/wp\/v2\/comments?post=6951"}],"version-history":[{"count":0,"href":"https:\/\/4planning.nl\/de\/wp-json\/wp\/v2\/pages\/6951\/revisions"}],"up":[{"embeddable":true,"href":"https:\/\/4planning.nl\/de\/wp-json\/wp\/v2\/pages\/474"}],"wp:attachment":[{"href":"https:\/\/4planning.nl\/de\/wp-json\/wp\/v2\/media?parent=6951"}],"curies":[{"name":"wp","href":"https:\/\/api.w.org\/{rel}","templated":true}]}}