{"id":6949,"date":"2026-03-01T14:05:26","date_gmt":"2026-03-01T13:05:26","guid":{"rendered":"https:\/\/4planning.nl\/?page_id=6949"},"modified":"2026-03-01T16:27:10","modified_gmt":"2026-03-01T15:27:10","slug":"website-integratie","status":"publish","type":"page","link":"https:\/\/4planning.nl\/de\/functies\/website-integratie\/","title":{"rendered":"Integration der Website"},"content":{"rendered":"<div data-elementor-type=\"wp-page\" data-elementor-id=\"6949\" class=\"elementor elementor-6949\" data-elementor-post-type=\"page\">\n\t\t\t\t<div class=\"elementor-element elementor-element-83ede4c e-flex e-con-boxed e-con e-parent\" data-id=\"83ede4c\" data-element_type=\"container\" data-e-type=\"container\">\n\t\t\t\t\t<div class=\"e-con-inner\">\n\t\t\t\t<div class=\"elementor-element elementor-element-13375ad elementor-widget-tablet__width-inherit elementor-widget-mobile__width-inherit elementor-widget elementor-widget-heading\" data-id=\"13375ad\" data-element_type=\"widget\" data-e-type=\"widget\" data-widget_type=\"heading.default\">\n\t\t\t\t<div class=\"elementor-widget-container\">\n\t\t\t\t\t<span class=\"elementor-heading-title elementor-size-default\">Engagement erh\u00f6hen<\/span>\t\t\t\t<\/div>\n\t\t\t\t<\/div>\n\t\t\t\t<div class=\"elementor-element elementor-element-1addb8e elementor-widget__width-initial elementor-widget-tablet__width-inherit elementor-widget-mobile__width-inherit elementor-widget elementor-widget-heading\" data-id=\"1addb8e\" data-element_type=\"widget\" data-e-type=\"widget\" data-widget_type=\"heading.default\">\n\t\t\t\t<div class=\"elementor-widget-container\">\n\t\t\t\t\t<h2 class=\"elementor-heading-title elementor-size-default\">Stets aktuelle Inhalte auf Ihrer Website<\/h2>\t\t\t\t<\/div>\n\t\t\t\t<\/div>\n\t\t\t\t<div class=\"elementor-element elementor-element-f5bb6c4 elementor-widget elementor-widget-text-editor\" data-id=\"f5bb6c4\" data-element_type=\"widget\" data-e-type=\"widget\" data-widget_type=\"text-editor.default\">\n\t\t\t\t<div class=\"elementor-widget-container\">\n\t\t\t\t\t\t\t\t\tViele Organisationen ver\u00f6ffentlichen Nachrichten, Aktivit\u00e4ten und Veranstaltungen sowohl in ihren eigenen Systemen als auch auf ihren Websites. Das kostet Zeit und erh\u00f6ht das Risiko von Fehlern oder veralteten Informationen. Mit der Website-Integration von 4planning umgehen Sie dieses Problem und arbeiten von einer zentralen Umgebung aus.\n\nWenn Sie eine Nachricht, eine Aktivit\u00e4t oder ein Ereignis in 4planning erstellen, k\u00f6nnen Sie es automatisch auf Ihrer Website anzeigen. So bleibt Ihre Website immer auf dem neuesten Stand, ohne dass Sie alles neu eingeben m\u00fcssen. Das spart wertvolle Zeit und sorgt f\u00fcr ein professionelles Erscheinungsbild.\t\t\t\t\t\t\t\t<\/div>\n\t\t\t\t<\/div>\n\t\t\t\t\t<\/div>\n\t\t\t\t<\/div>\n\t\t<div class=\"elementor-element elementor-element-55d9feb e-flex e-con-boxed e-con e-parent\" data-id=\"55d9feb\" data-element_type=\"container\" data-e-type=\"container\">\n\t\t\t\t\t<div class=\"e-con-inner\">\n\t\t\t\t<div class=\"elementor-element elementor-element-6c81c3f elementor-widget-tablet__width-inherit elementor-widget-mobile__width-inherit elementor-widget elementor-widget-heading\" data-id=\"6c81c3f\" data-element_type=\"widget\" data-e-type=\"widget\" data-widget_type=\"heading.default\">\n\t\t\t\t<div class=\"elementor-widget-container\">\n\t\t\t\t\t<span class=\"elementor-heading-title elementor-size-default\">Funktionen<\/span>\t\t\t\t<\/div>\n\t\t\t\t<\/div>\n\t\t\t\t<div class=\"elementor-element elementor-element-231dea1 elementor-widget__width-initial elementor-widget-tablet__width-inherit elementor-widget-mobile__width-inherit elementor-widget elementor-widget-heading\" data-id=\"231dea1\" data-element_type=\"widget\" data-e-type=\"widget\" data-widget_type=\"heading.default\">\n\t\t\t\t<div class=\"elementor-widget-container\">\n\t\t\t\t\t<h2 class=\"elementor-heading-title elementor-size-default\">Alles, was Sie f\u00fcr einen intelligenten Website-Link brauchen<\/h2>\t\t\t\t<\/div>\n\t\t\t\t<\/div>\n\t\t\t\t<div class=\"elementor-element elementor-element-c2d4fa5 elementor-widget elementor-widget-text-editor\" data-id=\"c2d4fa5\" data-element_type=\"widget\" data-e-type=\"widget\" data-widget_type=\"text-editor.default\">\n\t\t\t\t<div class=\"elementor-widget-container\">\n\t\t\t\t\t\t\t\t\tMit den Funktionalit\u00e4ten von 4planning sparen Sie wertvolle Zeit und schaffen mehr Ruhe und \u00dcbersicht in Ihrer Organisation. Alles, was Sie f\u00fcr die Planung, Kommunikation und Verwaltung ben\u00f6tigen, finden Sie in einer einzigen benutzerfreundlichen App. So arbeiten Sie effizienter zusammen, vermeiden getrennte Systeme und haben mehr Zeit f\u00fcr das, was wirklich wichtig ist.\t\t\t\t\t\t\t\t<\/div>\n\t\t\t\t<\/div>\n\t\t<div class=\"elementor-element elementor-element-8340ba4 e-grid e-con-full e-con e-child\" data-id=\"8340ba4\" data-element_type=\"container\" data-e-type=\"container\">\n\t\t\t\t<div class=\"elementor-element elementor-element-4ce7d4e elementor-widget__width-inherit elementor-widget elementor-widget-icon-box\" data-id=\"4ce7d4e\" data-element_type=\"widget\" data-e-type=\"widget\" data-widget_type=\"icon-box.default\">\n\t\t\t\t<div class=\"elementor-widget-container\">\n\t\t\t\t\t\t\t<div class=\"elementor-icon-box-wrapper\">\n\n\t\t\t\n\t\t\t\t\t\t<div class=\"elementor-icon-box-content\">\n\n\t\t\t\t\t\t\t\t\t<h3 class=\"elementor-icon-box-title\">\n\t\t\t\t\t\t<span  >\n\t\t\t\t\t\t\tTagesordnung\t\t\t\t\t\t<\/span>\n\t\t\t\t\t<\/h3>\n\t\t\t\t\n\t\t\t\t\t\t\t\t\t<p class=\"elementor-icon-box-description\">\n\t\t\t\t\t\tZeigen Sie automatisch alle \u00f6ffentlichen Veranstaltungen auf Ihrer eigenen Website \u00fcber ein WordPress-Plugin oder einen iframe an. Auf diese Weise ist Ihr Kalender immer aktuell und Besucher k\u00f6nnen sich (als Gast) anmelden oder direkt Tickets kaufen.\t\t\t\t\t<\/p>\n\t\t\t\t\n\t\t\t<\/div>\n\t\t\t\n\t\t<\/div>\n\t\t\t\t\t\t<\/div>\n\t\t\t\t<\/div>\n\t\t\t\t<div class=\"elementor-element elementor-element-3ced8ed elementor-widget__width-inherit elementor-widget elementor-widget-icon-box\" data-id=\"3ced8ed\" data-element_type=\"widget\" data-e-type=\"widget\" data-widget_type=\"icon-box.default\">\n\t\t\t\t<div class=\"elementor-widget-container\">\n\t\t\t\t\t\t\t<div class=\"elementor-icon-box-wrapper\">\n\n\t\t\t\n\t\t\t\t\t\t<div class=\"elementor-icon-box-content\">\n\n\t\t\t\t\t\t\t\t\t<h3 class=\"elementor-icon-box-title\">\n\t\t\t\t\t\t<span  >\n\t\t\t\t\t\t\tNachrichten\t\t\t\t\t\t<\/span>\n\t\t\t\t\t<\/h3>\n\t\t\t\t\n\t\t\t\t\t\t\t\t\t<p class=\"elementor-icon-box-description\">\n\t\t\t\t\t\tVer\u00f6ffentlichen Sie \u00f6ffentliche Nachrichten und zeigen Sie diese automatisch auf Ihrer eigenen Website \u00fcber ein WordPress-Plugin oder einen Iframe an. So bleibt Ihre Website immer aktuell und erreicht Mitglieder und Besucher auf mehreren Kan\u00e4len.\t\t\t\t\t<\/p>\n\t\t\t\t\n\t\t\t<\/div>\n\t\t\t\n\t\t<\/div>\n\t\t\t\t\t\t<\/div>\n\t\t\t\t<\/div>\n\t\t\t\t<\/div>\n\t\t\t\t\t<\/div>\n\t\t\t\t<\/div>\n\t\t\t\t<\/div>","protected":false},"excerpt":{"rendered":"<p>Verhoog de betrokkenheid Altijd actuele content op jouw website Veel organisaties plaatsen nieuws, activiteiten en evenementen zowel in hun eigen systeem als op hun website. Dit kost tijd en vergroot de kans op fouten of verouderde informatie. Met de website-integratie van 4planning voorkom je dit probleem en werk je vanuit \u00e9\u00e9n centrale omgeving. Wanneer je [&hellip;]<\/p>\n","protected":false},"author":1,"featured_media":0,"parent":474,"menu_order":0,"comment_status":"closed","ping_status":"closed","template":"","meta":{"_acf_changed":false,"footnotes":""},"class_list":["post-6949","page","type-page","status-publish","hentry"],"acf":[],"yoast_head":"<!-- This site is optimized with the Yoast SEO plugin v27.0 - https:\/\/yoast.com\/product\/yoast-seo-wordpress\/ -->\n<title>Website-integratie - 4planning.nl<\/title>\n<meta name=\"description\" content=\"Koppel 4planning eenvoudig met jouw website. Toon automatisch nieuws, evenementen en activiteiten en bespaar tijd met \u00e9\u00e9n centraal systeem.\" \/>\n<meta name=\"robots\" content=\"index, follow, max-snippet:-1, max-image-preview:large, max-video-preview:-1\" \/>\n<link rel=\"canonical\" href=\"https:\/\/4planning.nl\/de\/functies\/website-integratie\/\" \/>\n<meta property=\"og:locale\" content=\"de_DE\" \/>\n<meta property=\"og:type\" content=\"article\" \/>\n<meta property=\"og:title\" content=\"Website-integratie - 4planning.nl\" \/>\n<meta property=\"og:description\" content=\"Koppel 4planning eenvoudig met jouw website. Toon automatisch nieuws, evenementen en activiteiten en bespaar tijd met \u00e9\u00e9n centraal systeem.\" \/>\n<meta property=\"og:url\" content=\"https:\/\/4planning.nl\/de\/functies\/website-integratie\/\" \/>\n<meta property=\"og:site_name\" content=\"4planning.nl\" \/>\n<meta property=\"article:modified_time\" content=\"2026-03-01T15:27:10+00:00\" \/>\n<meta name=\"twitter:card\" content=\"summary_large_image\" \/>\n<meta name=\"twitter:label1\" content=\"Gesch\u00e4tzte Lesezeit\" \/>\n\t<meta name=\"twitter:data1\" content=\"1\u00a0Minute\" \/>\n<script type=\"application\/ld+json\" class=\"yoast-schema-graph\">{\"@context\":\"https:\/\/schema.org\",\"@graph\":[{\"@type\":\"WebPage\",\"@id\":\"https:\/\/4planning.nl\/functies\/website-integratie\/\",\"url\":\"https:\/\/4planning.nl\/functies\/website-integratie\/\",\"name\":\"Website-integratie - 4planning.nl\",\"isPartOf\":{\"@id\":\"https:\/\/4planning.nl\/#website\"},\"datePublished\":\"2026-03-01T13:05:26+00:00\",\"dateModified\":\"2026-03-01T15:27:10+00:00\",\"description\":\"Koppel 4planning eenvoudig met jouw website. Toon automatisch nieuws, evenementen en activiteiten en bespaar tijd met \u00e9\u00e9n centraal systeem.\",\"breadcrumb\":{\"@id\":\"https:\/\/4planning.nl\/functies\/website-integratie\/#breadcrumb\"},\"inLanguage\":\"de\",\"potentialAction\":[{\"@type\":\"ReadAction\",\"target\":[\"https:\/\/4planning.nl\/functies\/website-integratie\/\"]}]},{\"@type\":\"BreadcrumbList\",\"@id\":\"https:\/\/4planning.nl\/functies\/website-integratie\/#breadcrumb\",\"itemListElement\":[{\"@type\":\"ListItem\",\"position\":1,\"name\":\"Home\",\"item\":\"https:\/\/4planning.nl\/\"},{\"@type\":\"ListItem\",\"position\":2,\"name\":\"Functies\",\"item\":\"https:\/\/4planning.nl\/functies\/\"},{\"@type\":\"ListItem\",\"position\":3,\"name\":\"Website-integratie\"}]},{\"@type\":\"WebSite\",\"@id\":\"https:\/\/4planning.nl\/#website\",\"url\":\"https:\/\/4planning.nl\/\",\"name\":\"4planning.nl\",\"description\":\"Maakt plannen eenvoudig!\",\"publisher\":{\"@id\":\"https:\/\/4planning.nl\/#organization\"},\"potentialAction\":[{\"@type\":\"SearchAction\",\"target\":{\"@type\":\"EntryPoint\",\"urlTemplate\":\"https:\/\/4planning.nl\/?s={search_term_string}\"},\"query-input\":{\"@type\":\"PropertyValueSpecification\",\"valueRequired\":true,\"valueName\":\"search_term_string\"}}],\"inLanguage\":\"de\"},{\"@type\":\"Organization\",\"@id\":\"https:\/\/4planning.nl\/#organization\",\"name\":\"4planning.nl\",\"url\":\"https:\/\/4planning.nl\/\",\"logo\":{\"@type\":\"ImageObject\",\"inLanguage\":\"de\",\"@id\":\"https:\/\/4planning.nl\/#\/schema\/logo\/image\/\",\"url\":\"https:\/\/4planning.nl\/wp-content\/uploads\/2024\/08\/4planning-logo.png\",\"contentUrl\":\"https:\/\/4planning.nl\/wp-content\/uploads\/2024\/08\/4planning-logo.png\",\"width\":4569,\"height\":783,\"caption\":\"4planning.nl\"},\"image\":{\"@id\":\"https:\/\/4planning.nl\/#\/schema\/logo\/image\/\"}}]}<\/script>\n<!-- \/ Yoast SEO plugin. -->","yoast_head_json":{"title":"Website-integratie - 4planning.nl","description":"Koppel 4planning eenvoudig met jouw website. Toon automatisch nieuws, evenementen en activiteiten en bespaar tijd met \u00e9\u00e9n centraal systeem.","robots":{"index":"index","follow":"follow","max-snippet":"max-snippet:-1","max-image-preview":"max-image-preview:large","max-video-preview":"max-video-preview:-1"},"canonical":"https:\/\/4planning.nl\/de\/functies\/website-integratie\/","og_locale":"de_DE","og_type":"article","og_title":"Website-integratie - 4planning.nl","og_description":"Koppel 4planning eenvoudig met jouw website. Toon automatisch nieuws, evenementen en activiteiten en bespaar tijd met \u00e9\u00e9n centraal systeem.","og_url":"https:\/\/4planning.nl\/de\/functies\/website-integratie\/","og_site_name":"4planning.nl","article_modified_time":"2026-03-01T15:27:10+00:00","twitter_card":"summary_large_image","twitter_misc":{"Gesch\u00e4tzte Lesezeit":"1\u00a0Minute"},"schema":{"@context":"https:\/\/schema.org","@graph":[{"@type":"WebPage","@id":"https:\/\/4planning.nl\/functies\/website-integratie\/","url":"https:\/\/4planning.nl\/functies\/website-integratie\/","name":"Website-integratie - 4planning.nl","isPartOf":{"@id":"https:\/\/4planning.nl\/#website"},"datePublished":"2026-03-01T13:05:26+00:00","dateModified":"2026-03-01T15:27:10+00:00","description":"Koppel 4planning eenvoudig met jouw website. Toon automatisch nieuws, evenementen en activiteiten en bespaar tijd met \u00e9\u00e9n centraal systeem.","breadcrumb":{"@id":"https:\/\/4planning.nl\/functies\/website-integratie\/#breadcrumb"},"inLanguage":"de","potentialAction":[{"@type":"ReadAction","target":["https:\/\/4planning.nl\/functies\/website-integratie\/"]}]},{"@type":"BreadcrumbList","@id":"https:\/\/4planning.nl\/functies\/website-integratie\/#breadcrumb","itemListElement":[{"@type":"ListItem","position":1,"name":"Home","item":"https:\/\/4planning.nl\/"},{"@type":"ListItem","position":2,"name":"Functies","item":"https:\/\/4planning.nl\/functies\/"},{"@type":"ListItem","position":3,"name":"Website-integratie"}]},{"@type":"WebSite","@id":"https:\/\/4planning.nl\/#website","url":"https:\/\/4planning.nl\/","name":"4planning.co.uk","description":"Das macht die Planung leicht!","publisher":{"@id":"https:\/\/4planning.nl\/#organization"},"potentialAction":[{"@type":"SearchAction","target":{"@type":"EntryPoint","urlTemplate":"https:\/\/4planning.nl\/?s={search_term_string}"},"query-input":{"@type":"PropertyValueSpecification","valueRequired":true,"valueName":"search_term_string"}}],"inLanguage":"de"},{"@type":"Organization","@id":"https:\/\/4planning.nl\/#organization","name":"4planning.co.uk","url":"https:\/\/4planning.nl\/","logo":{"@type":"ImageObject","inLanguage":"de","@id":"https:\/\/4planning.nl\/#\/schema\/logo\/image\/","url":"https:\/\/4planning.nl\/wp-content\/uploads\/2024\/08\/4planning-logo.png","contentUrl":"https:\/\/4planning.nl\/wp-content\/uploads\/2024\/08\/4planning-logo.png","width":4569,"height":783,"caption":"4planning.nl"},"image":{"@id":"https:\/\/4planning.nl\/#\/schema\/logo\/image\/"}}]}},"_links":{"self":[{"href":"https:\/\/4planning.nl\/de\/wp-json\/wp\/v2\/pages\/6949","targetHints":{"allow":["GET"]}}],"collection":[{"href":"https:\/\/4planning.nl\/de\/wp-json\/wp\/v2\/pages"}],"about":[{"href":"https:\/\/4planning.nl\/de\/wp-json\/wp\/v2\/types\/page"}],"author":[{"embeddable":true,"href":"https:\/\/4planning.nl\/de\/wp-json\/wp\/v2\/users\/1"}],"replies":[{"embeddable":true,"href":"https:\/\/4planning.nl\/de\/wp-json\/wp\/v2\/comments?post=6949"}],"version-history":[{"count":0,"href":"https:\/\/4planning.nl\/de\/wp-json\/wp\/v2\/pages\/6949\/revisions"}],"up":[{"embeddable":true,"href":"https:\/\/4planning.nl\/de\/wp-json\/wp\/v2\/pages\/474"}],"wp:attachment":[{"href":"https:\/\/4planning.nl\/de\/wp-json\/wp\/v2\/media?parent=6949"}],"curies":[{"name":"wp","href":"https:\/\/api.w.org\/{rel}","templated":true}]}}