{"id":6947,"date":"2026-03-01T14:05:12","date_gmt":"2026-03-01T13:05:12","guid":{"rendered":"https:\/\/4planning.nl\/?page_id=6947"},"modified":"2026-03-01T16:24:22","modified_gmt":"2026-03-01T15:24:22","slug":"loyalty-systeem","status":"publish","type":"page","link":"https:\/\/4planning.nl\/de\/functies\/loyalty-systeem\/","title":{"rendered":"Loyalit\u00e4tssystem"},"content":{"rendered":"<div data-elementor-type=\"wp-page\" data-elementor-id=\"6947\" class=\"elementor elementor-6947\" data-elementor-post-type=\"page\">\n\t\t\t\t<div class=\"elementor-element elementor-element-ddb6514 e-flex e-con-boxed e-con e-parent\" data-id=\"ddb6514\" data-element_type=\"container\" data-e-type=\"container\">\n\t\t\t\t\t<div class=\"e-con-inner\">\n\t\t\t\t<div class=\"elementor-element elementor-element-e201dc6 elementor-widget-tablet__width-inherit elementor-widget-mobile__width-inherit elementor-widget elementor-widget-heading\" data-id=\"e201dc6\" data-element_type=\"widget\" data-e-type=\"widget\" data-widget_type=\"heading.default\">\n\t\t\t\t<div class=\"elementor-widget-container\">\n\t\t\t\t\t<span class=\"elementor-heading-title elementor-size-default\">Engagement erh\u00f6hen<\/span>\t\t\t\t<\/div>\n\t\t\t\t<\/div>\n\t\t\t\t<div class=\"elementor-element elementor-element-6b6cafb elementor-widget__width-initial elementor-widget-tablet__width-inherit elementor-widget-mobile__width-inherit elementor-widget elementor-widget-heading\" data-id=\"6b6cafb\" data-element_type=\"widget\" data-e-type=\"widget\" data-widget_type=\"heading.default\">\n\t\t\t\t<div class=\"elementor-widget-container\">\n\t\t\t\t\t<h2 class=\"elementor-heading-title elementor-size-default\">Erh\u00f6hen Sie das Engagement mit intelligenten Belohnungen<\/h2>\t\t\t\t<\/div>\n\t\t\t\t<\/div>\n\t\t\t\t<div class=\"elementor-element elementor-element-e0b2e9a elementor-widget elementor-widget-text-editor\" data-id=\"e0b2e9a\" data-element_type=\"widget\" data-e-type=\"widget\" data-widget_type=\"text-editor.default\">\n\t\t\t\t<div class=\"elementor-widget-container\">\n\t\t\t\t\t\t\t\t\tDie Bindung und Aktivierung von Mitgliedern und Freiwilligen ist f\u00fcr viele Organisationen eine Herausforderung. Die Menschen haben wenig Zeit und das Engagement kann schnell erlahmen. Mit einem Treuesystem machen Sie die Teilnahme attraktiver und schaffen mehr Motivation und Bindung.\n\nMit 4planning belohnen Sie einfaches Verhalten, das f\u00fcr Ihre Organisation wichtig ist. Denken Sie an die Teilnahme an Aktivit\u00e4ten, Freiwilligenarbeit, die Teilnahme an Veranstaltungen oder die Beteiligung an Projekten. Die Mitglieder sammeln Punkte oder Belohnungen, die Sie selbst bestimmen k\u00f6nnen, wie z. B. Rabatte, exklusiver Zugang oder lustige Extras.\t\t\t\t\t\t\t\t<\/div>\n\t\t\t\t<\/div>\n\t\t\t\t\t<\/div>\n\t\t\t\t<\/div>\n\t\t<div class=\"elementor-element elementor-element-7affad4 e-flex e-con-boxed e-con e-parent\" data-id=\"7affad4\" data-element_type=\"container\" data-e-type=\"container\">\n\t\t\t\t\t<div class=\"e-con-inner\">\n\t\t\t\t<div class=\"elementor-element elementor-element-e351973 elementor-widget-tablet__width-inherit elementor-widget-mobile__width-inherit elementor-widget elementor-widget-heading\" data-id=\"e351973\" data-element_type=\"widget\" data-e-type=\"widget\" data-widget_type=\"heading.default\">\n\t\t\t\t<div class=\"elementor-widget-container\">\n\t\t\t\t\t<span class=\"elementor-heading-title elementor-size-default\">Funktionen<\/span>\t\t\t\t<\/div>\n\t\t\t\t<\/div>\n\t\t\t\t<div class=\"elementor-element elementor-element-19dd516 elementor-widget__width-initial elementor-widget-tablet__width-inherit elementor-widget-mobile__width-inherit elementor-widget elementor-widget-heading\" data-id=\"19dd516\" data-element_type=\"widget\" data-e-type=\"widget\" data-widget_type=\"heading.default\">\n\t\t\t\t<div class=\"elementor-widget-container\">\n\t\t\t\t\t<h2 class=\"elementor-heading-title elementor-size-default\">Alles, was Sie f\u00fcr ein effektives Kundenbindungsprogramm brauchen<\/h2>\t\t\t\t<\/div>\n\t\t\t\t<\/div>\n\t\t\t\t<div class=\"elementor-element elementor-element-f5b5908 elementor-widget elementor-widget-text-editor\" data-id=\"f5b5908\" data-element_type=\"widget\" data-e-type=\"widget\" data-widget_type=\"text-editor.default\">\n\t\t\t\t<div class=\"elementor-widget-container\">\n\t\t\t\t\t\t\t\t\tMit den Funktionalit\u00e4ten von 4planning sparen Sie wertvolle Zeit und schaffen mehr Ruhe und \u00dcbersicht in Ihrer Organisation. Alles, was Sie f\u00fcr die Planung, Kommunikation und Verwaltung ben\u00f6tigen, finden Sie in einer einzigen benutzerfreundlichen App. So arbeiten Sie effizienter zusammen, vermeiden getrennte Systeme und haben mehr Zeit f\u00fcr das, was wirklich wichtig ist.\t\t\t\t\t\t\t\t<\/div>\n\t\t\t\t<\/div>\n\t\t<div class=\"elementor-element elementor-element-576af30 e-grid e-con-full e-con e-child\" data-id=\"576af30\" data-element_type=\"container\" data-e-type=\"container\">\n\t\t\t\t<div class=\"elementor-element elementor-element-8b3e076 elementor-widget__width-inherit elementor-widget elementor-widget-icon-box\" data-id=\"8b3e076\" data-element_type=\"widget\" data-e-type=\"widget\" data-widget_type=\"icon-box.default\">\n\t\t\t\t<div class=\"elementor-widget-container\">\n\t\t\t\t\t\t\t<div class=\"elementor-icon-box-wrapper\">\n\n\t\t\t\n\t\t\t\t\t\t<div class=\"elementor-icon-box-content\">\n\n\t\t\t\t\t\t\t\t\t<h3 class=\"elementor-icon-box-title\">\n\t\t\t\t\t\t<span  >\n\t\t\t\t\t\t\tBelohnung\t\t\t\t\t\t<\/span>\n\t\t\t\t\t<\/h3>\n\t\t\t\t\n\t\t\t\t\t\t\t\t\t<p class=\"elementor-icon-box-description\">\n\t\t\t\t\t\tLegen Sie fest, wann Mitglieder Punkte erhalten, z. B. f\u00fcr Beteiligung, Einsatz oder Engagement. Auf diese Weise f\u00f6rdern Sie die Aktivit\u00e4t und machen die Wertsch\u00e4tzung innerhalb Ihrer Organisation sichtbar.\t\t\t\t\t<\/p>\n\t\t\t\t\n\t\t\t<\/div>\n\t\t\t\n\t\t<\/div>\n\t\t\t\t\t\t<\/div>\n\t\t\t\t<\/div>\n\t\t\t\t<div class=\"elementor-element elementor-element-f6f3b78 elementor-widget__width-inherit elementor-widget elementor-widget-icon-box\" data-id=\"f6f3b78\" data-element_type=\"widget\" data-e-type=\"widget\" data-widget_type=\"icon-box.default\">\n\t\t\t\t<div class=\"elementor-widget-container\">\n\t\t\t\t\t\t\t<div class=\"elementor-icon-box-wrapper\">\n\n\t\t\t\n\t\t\t\t\t\t<div class=\"elementor-icon-box-content\">\n\n\t\t\t\t\t\t\t\t\t<h3 class=\"elementor-icon-box-title\">\n\t\t\t\t\t\t<span  >\n\t\t\t\t\t\t\tAnmeldung\t\t\t\t\t\t<\/span>\n\t\t\t\t\t<\/h3>\n\t\t\t\t\n\t\t\t\t\t\t\t\t\t<p class=\"elementor-icon-box-description\">\n\t\t\t\t\t\tDie Anmeldung erfolgt automatisch \u00fcber die App. Scannen Sie einfach die Mitgliedskarte, um die Anwesenheit zu erfassen. So haben Sie immer einen aktuellen und zuverl\u00e4ssigen \u00dcberblick, ohne zus\u00e4tzlichen manuellen Aufwand.\t\t\t\t\t<\/p>\n\t\t\t\t\n\t\t\t<\/div>\n\t\t\t\n\t\t<\/div>\n\t\t\t\t\t\t<\/div>\n\t\t\t\t<\/div>\n\t\t\t\t<div class=\"elementor-element elementor-element-2659e48 elementor-widget__width-inherit elementor-widget elementor-widget-icon-box\" data-id=\"2659e48\" data-element_type=\"widget\" data-e-type=\"widget\" data-widget_type=\"icon-box.default\">\n\t\t\t\t<div class=\"elementor-widget-container\">\n\t\t\t\t\t\t\t<div class=\"elementor-icon-box-wrapper\">\n\n\t\t\t\n\t\t\t\t\t\t<div class=\"elementor-icon-box-content\">\n\n\t\t\t\t\t\t\t\t\t<h3 class=\"elementor-icon-box-title\">\n\t\t\t\t\t\t<span  >\n\t\t\t\t\t\t\t\u00dcbersicht\t\t\t\t\t\t<\/span>\n\t\t\t\t\t<\/h3>\n\t\t\t\t\n\t\t\t\t\t\t\t\t\t<p class=\"elementor-icon-box-description\">\n\t\t\t\t\t\tIn der \u00dcbersicht sehen die Mitglieder sofort, wer die meisten Punkte erreicht hat. Das sorgt f\u00fcr zus\u00e4tzliche Motivation, gesunden Wettbewerb und mehr Engagement innerhalb Ihrer Organisation.\t\t\t\t\t<\/p>\n\t\t\t\t\n\t\t\t<\/div>\n\t\t\t\n\t\t<\/div>\n\t\t\t\t\t\t<\/div>\n\t\t\t\t<\/div>\n\t\t\t\t<\/div>\n\t\t\t\t\t<\/div>\n\t\t\t\t<\/div>\n\t\t\t\t<\/div>","protected":false},"excerpt":{"rendered":"<p>Verhoog de betrokkenheid Vergroot betrokkenheid met slimme beloningen Het behouden en activeren van leden en vrijwilligers is voor veel organisaties een uitdaging. Mensen hebben weinig tijd en betrokkenheid kan snel afnemen. Met een loyalty-systeem maak je deelname aantrekkelijker en cre\u00eber je meer motivatie en verbinding. Met 4planning beloon je eenvoudig gedrag dat belangrijk is voor [&hellip;]<\/p>\n","protected":false},"author":1,"featured_media":0,"parent":474,"menu_order":0,"comment_status":"closed","ping_status":"closed","template":"","meta":{"_acf_changed":false,"footnotes":""},"class_list":["post-6947","page","type-page","status-publish","hentry"],"acf":[],"yoast_head":"<!-- This site is optimized with the Yoast SEO plugin v27.0 - https:\/\/yoast.com\/product\/yoast-seo-wordpress\/ -->\n<title>Loyalty-systeem - 4planning.nl<\/title>\n<meta name=\"description\" content=\"Stimuleer betrokkenheid met het loyalty-systeem van 4planning. Beloon leden en vrijwilligers en vergroot activiteit, motivatie en verbinding binnen jouw organisatie.\" \/>\n<meta name=\"robots\" content=\"index, follow, max-snippet:-1, max-image-preview:large, max-video-preview:-1\" \/>\n<link rel=\"canonical\" href=\"https:\/\/4planning.nl\/de\/functies\/loyalty-systeem\/\" \/>\n<meta property=\"og:locale\" content=\"de_DE\" \/>\n<meta property=\"og:type\" content=\"article\" \/>\n<meta property=\"og:title\" content=\"Loyalty-systeem - 4planning.nl\" \/>\n<meta property=\"og:description\" content=\"Stimuleer betrokkenheid met het loyalty-systeem van 4planning. Beloon leden en vrijwilligers en vergroot activiteit, motivatie en verbinding binnen jouw organisatie.\" \/>\n<meta property=\"og:url\" content=\"https:\/\/4planning.nl\/de\/functies\/loyalty-systeem\/\" \/>\n<meta property=\"og:site_name\" content=\"4planning.nl\" \/>\n<meta property=\"article:modified_time\" content=\"2026-03-01T15:24:22+00:00\" \/>\n<meta name=\"twitter:card\" content=\"summary_large_image\" \/>\n<meta name=\"twitter:label1\" content=\"Gesch\u00e4tzte Lesezeit\" \/>\n\t<meta name=\"twitter:data1\" content=\"1\u00a0Minute\" \/>\n<script type=\"application\/ld+json\" class=\"yoast-schema-graph\">{\"@context\":\"https:\/\/schema.org\",\"@graph\":[{\"@type\":\"WebPage\",\"@id\":\"https:\/\/4planning.nl\/functies\/loyalty-systeem\/\",\"url\":\"https:\/\/4planning.nl\/functies\/loyalty-systeem\/\",\"name\":\"Loyalty-systeem - 4planning.nl\",\"isPartOf\":{\"@id\":\"https:\/\/4planning.nl\/#website\"},\"datePublished\":\"2026-03-01T13:05:12+00:00\",\"dateModified\":\"2026-03-01T15:24:22+00:00\",\"description\":\"Stimuleer betrokkenheid met het loyalty-systeem van 4planning. Beloon leden en vrijwilligers en vergroot activiteit, motivatie en verbinding binnen jouw organisatie.\",\"breadcrumb\":{\"@id\":\"https:\/\/4planning.nl\/functies\/loyalty-systeem\/#breadcrumb\"},\"inLanguage\":\"de\",\"potentialAction\":[{\"@type\":\"ReadAction\",\"target\":[\"https:\/\/4planning.nl\/functies\/loyalty-systeem\/\"]}]},{\"@type\":\"BreadcrumbList\",\"@id\":\"https:\/\/4planning.nl\/functies\/loyalty-systeem\/#breadcrumb\",\"itemListElement\":[{\"@type\":\"ListItem\",\"position\":1,\"name\":\"Home\",\"item\":\"https:\/\/4planning.nl\/\"},{\"@type\":\"ListItem\",\"position\":2,\"name\":\"Functies\",\"item\":\"https:\/\/4planning.nl\/functies\/\"},{\"@type\":\"ListItem\",\"position\":3,\"name\":\"Loyalty-systeem\"}]},{\"@type\":\"WebSite\",\"@id\":\"https:\/\/4planning.nl\/#website\",\"url\":\"https:\/\/4planning.nl\/\",\"name\":\"4planning.nl\",\"description\":\"Maakt plannen eenvoudig!\",\"publisher\":{\"@id\":\"https:\/\/4planning.nl\/#organization\"},\"potentialAction\":[{\"@type\":\"SearchAction\",\"target\":{\"@type\":\"EntryPoint\",\"urlTemplate\":\"https:\/\/4planning.nl\/?s={search_term_string}\"},\"query-input\":{\"@type\":\"PropertyValueSpecification\",\"valueRequired\":true,\"valueName\":\"search_term_string\"}}],\"inLanguage\":\"de\"},{\"@type\":\"Organization\",\"@id\":\"https:\/\/4planning.nl\/#organization\",\"name\":\"4planning.nl\",\"url\":\"https:\/\/4planning.nl\/\",\"logo\":{\"@type\":\"ImageObject\",\"inLanguage\":\"de\",\"@id\":\"https:\/\/4planning.nl\/#\/schema\/logo\/image\/\",\"url\":\"https:\/\/4planning.nl\/wp-content\/uploads\/2024\/08\/4planning-logo.png\",\"contentUrl\":\"https:\/\/4planning.nl\/wp-content\/uploads\/2024\/08\/4planning-logo.png\",\"width\":4569,\"height\":783,\"caption\":\"4planning.nl\"},\"image\":{\"@id\":\"https:\/\/4planning.nl\/#\/schema\/logo\/image\/\"}}]}<\/script>\n<!-- \/ Yoast SEO plugin. -->","yoast_head_json":{"title":"Loyalty-systeem - 4planning.nl","description":"Stimuleer betrokkenheid met het loyalty-systeem van 4planning. Beloon leden en vrijwilligers en vergroot activiteit, motivatie en verbinding binnen jouw organisatie.","robots":{"index":"index","follow":"follow","max-snippet":"max-snippet:-1","max-image-preview":"max-image-preview:large","max-video-preview":"max-video-preview:-1"},"canonical":"https:\/\/4planning.nl\/de\/functies\/loyalty-systeem\/","og_locale":"de_DE","og_type":"article","og_title":"Loyalty-systeem - 4planning.nl","og_description":"Stimuleer betrokkenheid met het loyalty-systeem van 4planning. Beloon leden en vrijwilligers en vergroot activiteit, motivatie en verbinding binnen jouw organisatie.","og_url":"https:\/\/4planning.nl\/de\/functies\/loyalty-systeem\/","og_site_name":"4planning.nl","article_modified_time":"2026-03-01T15:24:22+00:00","twitter_card":"summary_large_image","twitter_misc":{"Gesch\u00e4tzte Lesezeit":"1\u00a0Minute"},"schema":{"@context":"https:\/\/schema.org","@graph":[{"@type":"WebPage","@id":"https:\/\/4planning.nl\/functies\/loyalty-systeem\/","url":"https:\/\/4planning.nl\/functies\/loyalty-systeem\/","name":"Loyalty-systeem - 4planning.nl","isPartOf":{"@id":"https:\/\/4planning.nl\/#website"},"datePublished":"2026-03-01T13:05:12+00:00","dateModified":"2026-03-01T15:24:22+00:00","description":"Stimuleer betrokkenheid met het loyalty-systeem van 4planning. Beloon leden en vrijwilligers en vergroot activiteit, motivatie en verbinding binnen jouw organisatie.","breadcrumb":{"@id":"https:\/\/4planning.nl\/functies\/loyalty-systeem\/#breadcrumb"},"inLanguage":"de","potentialAction":[{"@type":"ReadAction","target":["https:\/\/4planning.nl\/functies\/loyalty-systeem\/"]}]},{"@type":"BreadcrumbList","@id":"https:\/\/4planning.nl\/functies\/loyalty-systeem\/#breadcrumb","itemListElement":[{"@type":"ListItem","position":1,"name":"Home","item":"https:\/\/4planning.nl\/"},{"@type":"ListItem","position":2,"name":"Functies","item":"https:\/\/4planning.nl\/functies\/"},{"@type":"ListItem","position":3,"name":"Loyalty-systeem"}]},{"@type":"WebSite","@id":"https:\/\/4planning.nl\/#website","url":"https:\/\/4planning.nl\/","name":"4planning.co.uk","description":"Das macht die Planung leicht!","publisher":{"@id":"https:\/\/4planning.nl\/#organization"},"potentialAction":[{"@type":"SearchAction","target":{"@type":"EntryPoint","urlTemplate":"https:\/\/4planning.nl\/?s={search_term_string}"},"query-input":{"@type":"PropertyValueSpecification","valueRequired":true,"valueName":"search_term_string"}}],"inLanguage":"de"},{"@type":"Organization","@id":"https:\/\/4planning.nl\/#organization","name":"4planning.co.uk","url":"https:\/\/4planning.nl\/","logo":{"@type":"ImageObject","inLanguage":"de","@id":"https:\/\/4planning.nl\/#\/schema\/logo\/image\/","url":"https:\/\/4planning.nl\/wp-content\/uploads\/2024\/08\/4planning-logo.png","contentUrl":"https:\/\/4planning.nl\/wp-content\/uploads\/2024\/08\/4planning-logo.png","width":4569,"height":783,"caption":"4planning.nl"},"image":{"@id":"https:\/\/4planning.nl\/#\/schema\/logo\/image\/"}}]}},"_links":{"self":[{"href":"https:\/\/4planning.nl\/de\/wp-json\/wp\/v2\/pages\/6947","targetHints":{"allow":["GET"]}}],"collection":[{"href":"https:\/\/4planning.nl\/de\/wp-json\/wp\/v2\/pages"}],"about":[{"href":"https:\/\/4planning.nl\/de\/wp-json\/wp\/v2\/types\/page"}],"author":[{"embeddable":true,"href":"https:\/\/4planning.nl\/de\/wp-json\/wp\/v2\/users\/1"}],"replies":[{"embeddable":true,"href":"https:\/\/4planning.nl\/de\/wp-json\/wp\/v2\/comments?post=6947"}],"version-history":[{"count":0,"href":"https:\/\/4planning.nl\/de\/wp-json\/wp\/v2\/pages\/6947\/revisions"}],"up":[{"embeddable":true,"href":"https:\/\/4planning.nl\/de\/wp-json\/wp\/v2\/pages\/474"}],"wp:attachment":[{"href":"https:\/\/4planning.nl\/de\/wp-json\/wp\/v2\/media?parent=6947"}],"curies":[{"name":"wp","href":"https:\/\/api.w.org\/{rel}","templated":true}]}}