{"id":6943,"date":"2026-03-01T14:04:52","date_gmt":"2026-03-01T13:04:52","guid":{"rendered":"https:\/\/4planning.nl\/?page_id=6943"},"modified":"2026-03-01T16:12:32","modified_gmt":"2026-03-01T15:12:32","slug":"tickets-toegang","status":"publish","type":"page","link":"https:\/\/4planning.nl\/de\/functies\/tickets-toegang\/","title":{"rendered":"Tickets &amp; Eintritt"},"content":{"rendered":"<div data-elementor-type=\"wp-page\" data-elementor-id=\"6943\" class=\"elementor elementor-6943\" data-elementor-post-type=\"page\">\n\t\t\t\t<div class=\"elementor-element elementor-element-da74204 e-flex e-con-boxed e-con e-parent\" data-id=\"da74204\" data-element_type=\"container\" data-e-type=\"container\">\n\t\t\t\t\t<div class=\"e-con-inner\">\n\t\t\t\t<div class=\"elementor-element elementor-element-b89dfb2 elementor-widget-tablet__width-inherit elementor-widget-mobile__width-inherit elementor-widget elementor-widget-heading\" data-id=\"b89dfb2\" data-element_type=\"widget\" data-e-type=\"widget\" data-widget_type=\"heading.default\">\n\t\t\t\t<div class=\"elementor-widget-container\">\n\t\t\t\t\t<span class=\"elementor-heading-title elementor-size-default\">Umsatzsteigerung<\/span>\t\t\t\t<\/div>\n\t\t\t\t<\/div>\n\t\t\t\t<div class=\"elementor-element elementor-element-7f75413 elementor-widget__width-initial elementor-widget-tablet__width-inherit elementor-widget-mobile__width-inherit elementor-widget elementor-widget-heading\" data-id=\"7f75413\" data-element_type=\"widget\" data-e-type=\"widget\" data-widget_type=\"heading.default\">\n\t\t\t\t<div class=\"elementor-widget-container\">\n\t\t\t\t\t<h2 class=\"elementor-heading-title elementor-size-default\">Vom Ticketverkauf bis zum Zugang: alles zentral<\/h2>\t\t\t\t<\/div>\n\t\t\t\t<\/div>\n\t\t\t\t<div class=\"elementor-element elementor-element-c886ae0 elementor-widget elementor-widget-text-editor\" data-id=\"c886ae0\" data-element_type=\"widget\" data-e-type=\"widget\" data-widget_type=\"text-editor.default\">\n\t\t\t\t<div class=\"elementor-widget-container\">\n\t\t\t\t\t\t\t\t\t<p>Die Organisation von Veranstaltungen erfordert ein gutes und zuverl\u00e4ssiges Ticketing. Doch viele Organisationen arbeiten noch immer mit separaten Systemen, Tabellenkalkulationen oder externen Tools. Das verursacht Chaos, Fehler und zus\u00e4tzliche Arbeit. Mit der Ticketfunktion von 4planning organisieren Sie alles zentral und professionell.<\/p><p>Sie k\u00f6nnen ganz einfach verschiedene Ticketarten erstellen, z. B. regul\u00e4re Tickets, VIP-Tickets oder Mitgliederpreise. Auf diese Weise sind Sie flexibel und k\u00f6nnen verschiedene Zielgruppen ansprechen. Der Verkauf findet online statt, so dass sich die Teilnehmer schnell und einfach registrieren k\u00f6nnen.<\/p>\t\t\t\t\t\t\t\t<\/div>\n\t\t\t\t<\/div>\n\t\t\t\t\t<\/div>\n\t\t\t\t<\/div>\n\t\t<div class=\"elementor-element elementor-element-6b07c30 e-flex e-con-boxed e-con e-parent\" data-id=\"6b07c30\" data-element_type=\"container\" data-e-type=\"container\">\n\t\t\t\t\t<div class=\"e-con-inner\">\n\t\t\t\t<div class=\"elementor-element elementor-element-bf0a1c1 elementor-widget-tablet__width-inherit elementor-widget-mobile__width-inherit elementor-widget elementor-widget-heading\" data-id=\"bf0a1c1\" data-element_type=\"widget\" data-e-type=\"widget\" data-widget_type=\"heading.default\">\n\t\t\t\t<div class=\"elementor-widget-container\">\n\t\t\t\t\t<span class=\"elementor-heading-title elementor-size-default\">Funktionen<\/span>\t\t\t\t<\/div>\n\t\t\t\t<\/div>\n\t\t\t\t<div class=\"elementor-element elementor-element-3fa6fc2 elementor-widget__width-initial elementor-widget-tablet__width-inherit elementor-widget-mobile__width-inherit elementor-widget elementor-widget-heading\" data-id=\"3fa6fc2\" data-element_type=\"widget\" data-e-type=\"widget\" data-widget_type=\"heading.default\">\n\t\t\t\t<div class=\"elementor-widget-container\">\n\t\t\t\t\t<h2 class=\"elementor-heading-title elementor-size-default\">Alles, was Sie f\u00fcr Ticketing und Zutrittsmanagement brauchen<\/h2>\t\t\t\t<\/div>\n\t\t\t\t<\/div>\n\t\t\t\t<div class=\"elementor-element elementor-element-acafc6a elementor-widget elementor-widget-text-editor\" data-id=\"acafc6a\" data-element_type=\"widget\" data-e-type=\"widget\" data-widget_type=\"text-editor.default\">\n\t\t\t\t<div class=\"elementor-widget-container\">\n\t\t\t\t\t\t\t\t\tMit den Funktionalit\u00e4ten von 4planning sparen Sie wertvolle Zeit und schaffen mehr Ruhe und \u00dcbersicht in Ihrer Organisation. Alles, was Sie f\u00fcr die Planung, Kommunikation und Verwaltung ben\u00f6tigen, finden Sie in einer einzigen benutzerfreundlichen App. So arbeiten Sie effizienter zusammen, vermeiden getrennte Systeme und haben mehr Zeit f\u00fcr das, was wirklich wichtig ist.\t\t\t\t\t\t\t\t<\/div>\n\t\t\t\t<\/div>\n\t\t<div class=\"elementor-element elementor-element-0df2173 e-grid e-con-full e-con e-child\" data-id=\"0df2173\" data-element_type=\"container\" data-e-type=\"container\">\n\t\t\t\t<div class=\"elementor-element elementor-element-c547372 elementor-widget__width-inherit elementor-widget elementor-widget-icon-box\" data-id=\"c547372\" data-element_type=\"widget\" data-e-type=\"widget\" data-widget_type=\"icon-box.default\">\n\t\t\t\t<div class=\"elementor-widget-container\">\n\t\t\t\t\t\t\t<div class=\"elementor-icon-box-wrapper\">\n\n\t\t\t\n\t\t\t\t\t\t<div class=\"elementor-icon-box-content\">\n\n\t\t\t\t\t\t\t\t\t<h3 class=\"elementor-icon-box-title\">\n\t\t\t\t\t\t<span  >\n\t\t\t\t\t\t\tTicketverkauf\t\t\t\t\t\t<\/span>\n\t\t\t\t\t<\/h3>\n\t\t\t\t\n\t\t\t\t\t\t\t\t\t<p class=\"elementor-icon-box-description\">\n\t\t\t\t\t\tVerkaufen Sie auf einfache Weise Tickets f\u00fcr Veranstaltungen an Mitglieder oder ein breiteres Publikum. Entscheiden Sie, ob eine Veranstaltung nur f\u00fcr Mitglieder zug\u00e4nglich ist oder \u00fcber einen teilbaren Link \u00f6ffentlich zug\u00e4nglich ist. Auf diese Weise erreichen Sie schnell die richtige Zielgruppe und behalten die volle Kontrolle \u00fcber den Verkauf.\t\t\t\t\t<\/p>\n\t\t\t\t\n\t\t\t<\/div>\n\t\t\t\n\t\t<\/div>\n\t\t\t\t\t\t<\/div>\n\t\t\t\t<\/div>\n\t\t\t\t<div class=\"elementor-element elementor-element-0796646 elementor-widget__width-inherit elementor-widget elementor-widget-icon-box\" data-id=\"0796646\" data-element_type=\"widget\" data-e-type=\"widget\" data-widget_type=\"icon-box.default\">\n\t\t\t\t<div class=\"elementor-widget-container\">\n\t\t\t\t\t\t\t<div class=\"elementor-icon-box-wrapper\">\n\n\t\t\t\n\t\t\t\t\t\t<div class=\"elementor-icon-box-content\">\n\n\t\t\t\t\t\t\t\t\t<h3 class=\"elementor-icon-box-title\">\n\t\t\t\t\t\t<span  >\n\t\t\t\t\t\t\tTicket-Typen\t\t\t\t\t\t<\/span>\n\t\t\t\t\t<\/h3>\n\t\t\t\t\n\t\t\t\t\t\t\t\t\t<p class=\"elementor-icon-box-description\">\n\t\t\t\t\t\tErstellen Sie verschiedene Ticketarten f\u00fcr alle Mitglieder, bestimmte Gruppen oder das \u00f6ffentliche Publikum. Legen Sie ganz einfach Preis, Kapazit\u00e4t, Start- und Enddatum des Verkaufs fest. Sie k\u00f6nnen auch die maximale Anzahl von Tickets pro Benutzer und Altersgrenzen festlegen, so dass jede Veranstaltung perfekt zu Ihrer Zielgruppe passt.\t\t\t\t\t<\/p>\n\t\t\t\t\n\t\t\t<\/div>\n\t\t\t\n\t\t<\/div>\n\t\t\t\t\t\t<\/div>\n\t\t\t\t<\/div>\n\t\t\t\t<div class=\"elementor-element elementor-element-ccf8d70 elementor-widget__width-inherit elementor-widget elementor-widget-icon-box\" data-id=\"ccf8d70\" data-element_type=\"widget\" data-e-type=\"widget\" data-widget_type=\"icon-box.default\">\n\t\t\t\t<div class=\"elementor-widget-container\">\n\t\t\t\t\t\t\t<div class=\"elementor-icon-box-wrapper\">\n\n\t\t\t\n\t\t\t\t\t\t<div class=\"elementor-icon-box-content\">\n\n\t\t\t\t\t\t\t\t\t<h3 class=\"elementor-icon-box-title\">\n\t\t\t\t\t\t<span  >\n\t\t\t\t\t\t\tErhaltene Tickets\t\t\t\t\t\t<\/span>\n\t\t\t\t\t<\/h3>\n\t\t\t\t\n\t\t\t\t\t\t\t\t\t<p class=\"elementor-icon-box-description\">\n\t\t\t\t\t\tMitglieder erhalten ihre Tickets direkt in der App und per E-Mail, inklusive eines PDFs mit QR-Code. Nicht-Mitglieder erhalten ihr Ticket einfach per E-Mail. So hat jeder immer schnellen Zugriff auf die Veranstaltung.\t\t\t\t\t<\/p>\n\t\t\t\t\n\t\t\t<\/div>\n\t\t\t\n\t\t<\/div>\n\t\t\t\t\t\t<\/div>\n\t\t\t\t<\/div>\n\t\t\t\t<div class=\"elementor-element elementor-element-03e6e07 elementor-widget__width-inherit elementor-widget elementor-widget-icon-box\" data-id=\"03e6e07\" data-element_type=\"widget\" data-e-type=\"widget\" data-widget_type=\"icon-box.default\">\n\t\t\t\t<div class=\"elementor-widget-container\">\n\t\t\t\t\t\t\t<div class=\"elementor-icon-box-wrapper\">\n\n\t\t\t\n\t\t\t\t\t\t<div class=\"elementor-icon-box-content\">\n\n\t\t\t\t\t\t\t\t\t<h3 class=\"elementor-icon-box-title\">\n\t\t\t\t\t\t<span  >\n\t\t\t\t\t\t\tZugang\t\t\t\t\t\t<\/span>\n\t\t\t\t\t<\/h3>\n\t\t\t\t\n\t\t\t\t\t\t\t\t\t<p class=\"elementor-icon-box-description\">\n\t\t\t\t\t\tKontrollieren Sie den Zugang ganz einfach mit Scannern in der App. QR-Codes werden sofort gescannt und der Bildschirm zeigt gr\u00fcn oder rot an. Die Mitgliedskarte kann auch gescannt werden, wenn Mitglieder ein Ticket anfordern, sodass Sie den Eintritt schnell und bequem regeln k\u00f6nnen.\t\t\t\t\t<\/p>\n\t\t\t\t\n\t\t\t<\/div>\n\t\t\t\n\t\t<\/div>\n\t\t\t\t\t\t<\/div>\n\t\t\t\t<\/div>\n\t\t\t\t<div class=\"elementor-element elementor-element-da0c4cc elementor-widget__width-inherit elementor-widget elementor-widget-icon-box\" data-id=\"da0c4cc\" data-element_type=\"widget\" data-e-type=\"widget\" data-widget_type=\"icon-box.default\">\n\t\t\t\t<div class=\"elementor-widget-container\">\n\t\t\t\t\t\t\t<div class=\"elementor-icon-box-wrapper\">\n\n\t\t\t\n\t\t\t\t\t\t<div class=\"elementor-icon-box-content\">\n\n\t\t\t\t\t\t\t\t\t<h3 class=\"elementor-icon-box-title\">\n\t\t\t\t\t\t<span  >\n\t\t\t\t\t\t\tScanner\t\t\t\t\t\t<\/span>\n\t\t\t\t\t<\/h3>\n\t\t\t\t\n\t\t\t\t\t\t\t\t\t<p class=\"elementor-icon-box-description\">\n\t\t\t\t\t\tErstellen Sie ganz einfach Scanner pro Veranstaltung und gew\u00e4hren Sie Freiwilligen oder Mitarbeitern Zugang. Diese melden sich durch Scannen des QR-Codes des Scanners an und k\u00f6nnen sofort mit dem Einchecken beginnen. Auf diese Weise ist jeder schnell bereit, Besucher zu empfangen.\t\t\t\t\t<\/p>\n\t\t\t\t\n\t\t\t<\/div>\n\t\t\t\n\t\t<\/div>\n\t\t\t\t\t\t<\/div>\n\t\t\t\t<\/div>\n\t\t\t\t<div class=\"elementor-element elementor-element-f9217fe elementor-widget__width-inherit elementor-widget elementor-widget-icon-box\" data-id=\"f9217fe\" data-element_type=\"widget\" data-e-type=\"widget\" data-widget_type=\"icon-box.default\">\n\t\t\t\t<div class=\"elementor-widget-container\">\n\t\t\t\t\t\t\t<div class=\"elementor-icon-box-wrapper\">\n\n\t\t\t\n\t\t\t\t\t\t<div class=\"elementor-icon-box-content\">\n\n\t\t\t\t\t\t\t\t\t<h3 class=\"elementor-icon-box-title\">\n\t\t\t\t\t\t<span  >\n\t\t\t\t\t\t\tAuszahlung\t\t\t\t\t\t<\/span>\n\t\t\t\t\t<\/h3>\n\t\t\t\t\n\t\t\t\t\t\t\t\t\t<p class=\"elementor-icon-box-description\">\n\t\t\t\t\t\tAuf alle Tickets wird eine Bearbeitungsgeb\u00fchr von 1 \u20ac erhoben. Diese Kosten werden von den K\u00e4ufern getragen, so dass Sie als Organisation keine zus\u00e4tzlichen Kosten haben. Die Einnahmen werden bequem geb\u00fcndelt und automatisch am Montag jeder Woche an die Organisation ausgezahlt. So wissen Sie genau, woran Sie sind und haben einen planbaren Cashflow.\t\t\t\t\t<\/p>\n\t\t\t\t\n\t\t\t<\/div>\n\t\t\t\n\t\t<\/div>\n\t\t\t\t\t\t<\/div>\n\t\t\t\t<\/div>\n\t\t\t\t<\/div>\n\t\t\t\t\t<\/div>\n\t\t\t\t<\/div>\n\t\t\t\t<\/div>","protected":false},"excerpt":{"rendered":"<p>Verhoog de verkoop Van ticketverkoop tot toegang: alles centraal Het organiseren van evenementen vraagt om een goede en betrouwbare ticketverkoop. Toch werken veel organisaties nog met losse systemen, spreadsheets of externe tools. Dit zorgt voor onoverzichtelijkheid, fouten en extra werk. Met de ticketfunctionaliteit van 4planning regel je alles centraal en professioneel. Je maakt eenvoudig verschillende [&hellip;]<\/p>\n","protected":false},"author":1,"featured_media":0,"parent":474,"menu_order":0,"comment_status":"closed","ping_status":"closed","template":"","meta":{"_acf_changed":false,"footnotes":""},"class_list":["post-6943","page","type-page","status-publish","hentry"],"acf":[],"yoast_head":"<!-- This site is optimized with the Yoast SEO plugin v27.0 - https:\/\/yoast.com\/product\/yoast-seo-wordpress\/ -->\n<title>Tickets &amp; toegang - 4planning.nl<\/title>\n<meta name=\"description\" content=\"Verkoop tickets en beheer toegangscontrole eenvoudig met 4planning. Inzicht in deelnemers, inkomsten en een professionele check-in voor jouw evenementen.\" \/>\n<meta name=\"robots\" content=\"index, follow, max-snippet:-1, max-image-preview:large, max-video-preview:-1\" \/>\n<link rel=\"canonical\" href=\"https:\/\/4planning.nl\/de\/functies\/tickets-toegang\/\" \/>\n<meta property=\"og:locale\" content=\"de_DE\" \/>\n<meta property=\"og:type\" content=\"article\" \/>\n<meta property=\"og:title\" content=\"Tickets &amp; toegang - 4planning.nl\" \/>\n<meta property=\"og:description\" content=\"Verkoop tickets en beheer toegangscontrole eenvoudig met 4planning. Inzicht in deelnemers, inkomsten en een professionele check-in voor jouw evenementen.\" \/>\n<meta property=\"og:url\" content=\"https:\/\/4planning.nl\/de\/functies\/tickets-toegang\/\" \/>\n<meta property=\"og:site_name\" content=\"4planning.nl\" \/>\n<meta property=\"article:modified_time\" content=\"2026-03-01T15:12:32+00:00\" \/>\n<meta name=\"twitter:card\" content=\"summary_large_image\" \/>\n<meta name=\"twitter:label1\" content=\"Gesch\u00e4tzte Lesezeit\" \/>\n\t<meta name=\"twitter:data1\" content=\"1\u00a0Minute\" \/>\n<script type=\"application\/ld+json\" class=\"yoast-schema-graph\">{\"@context\":\"https:\/\/schema.org\",\"@graph\":[{\"@type\":\"WebPage\",\"@id\":\"https:\/\/4planning.nl\/functies\/tickets-toegang\/\",\"url\":\"https:\/\/4planning.nl\/functies\/tickets-toegang\/\",\"name\":\"Tickets & toegang - 4planning.nl\",\"isPartOf\":{\"@id\":\"https:\/\/4planning.nl\/#website\"},\"datePublished\":\"2026-03-01T13:04:52+00:00\",\"dateModified\":\"2026-03-01T15:12:32+00:00\",\"description\":\"Verkoop tickets en beheer toegangscontrole eenvoudig met 4planning. Inzicht in deelnemers, inkomsten en een professionele check-in voor jouw evenementen.\",\"breadcrumb\":{\"@id\":\"https:\/\/4planning.nl\/functies\/tickets-toegang\/#breadcrumb\"},\"inLanguage\":\"de\",\"potentialAction\":[{\"@type\":\"ReadAction\",\"target\":[\"https:\/\/4planning.nl\/functies\/tickets-toegang\/\"]}]},{\"@type\":\"BreadcrumbList\",\"@id\":\"https:\/\/4planning.nl\/functies\/tickets-toegang\/#breadcrumb\",\"itemListElement\":[{\"@type\":\"ListItem\",\"position\":1,\"name\":\"Home\",\"item\":\"https:\/\/4planning.nl\/\"},{\"@type\":\"ListItem\",\"position\":2,\"name\":\"Functies\",\"item\":\"https:\/\/4planning.nl\/functies\/\"},{\"@type\":\"ListItem\",\"position\":3,\"name\":\"Tickets &#038; toegang\"}]},{\"@type\":\"WebSite\",\"@id\":\"https:\/\/4planning.nl\/#website\",\"url\":\"https:\/\/4planning.nl\/\",\"name\":\"4planning.nl\",\"description\":\"Maakt plannen eenvoudig!\",\"publisher\":{\"@id\":\"https:\/\/4planning.nl\/#organization\"},\"potentialAction\":[{\"@type\":\"SearchAction\",\"target\":{\"@type\":\"EntryPoint\",\"urlTemplate\":\"https:\/\/4planning.nl\/?s={search_term_string}\"},\"query-input\":{\"@type\":\"PropertyValueSpecification\",\"valueRequired\":true,\"valueName\":\"search_term_string\"}}],\"inLanguage\":\"de\"},{\"@type\":\"Organization\",\"@id\":\"https:\/\/4planning.nl\/#organization\",\"name\":\"4planning.nl\",\"url\":\"https:\/\/4planning.nl\/\",\"logo\":{\"@type\":\"ImageObject\",\"inLanguage\":\"de\",\"@id\":\"https:\/\/4planning.nl\/#\/schema\/logo\/image\/\",\"url\":\"https:\/\/4planning.nl\/wp-content\/uploads\/2024\/08\/4planning-logo.png\",\"contentUrl\":\"https:\/\/4planning.nl\/wp-content\/uploads\/2024\/08\/4planning-logo.png\",\"width\":4569,\"height\":783,\"caption\":\"4planning.nl\"},\"image\":{\"@id\":\"https:\/\/4planning.nl\/#\/schema\/logo\/image\/\"}}]}<\/script>\n<!-- \/ Yoast SEO plugin. -->","yoast_head_json":{"title":"Tickets & toegang - 4planning.nl","description":"Verkoop tickets en beheer toegangscontrole eenvoudig met 4planning. Inzicht in deelnemers, inkomsten en een professionele check-in voor jouw evenementen.","robots":{"index":"index","follow":"follow","max-snippet":"max-snippet:-1","max-image-preview":"max-image-preview:large","max-video-preview":"max-video-preview:-1"},"canonical":"https:\/\/4planning.nl\/de\/functies\/tickets-toegang\/","og_locale":"de_DE","og_type":"article","og_title":"Tickets & toegang - 4planning.nl","og_description":"Verkoop tickets en beheer toegangscontrole eenvoudig met 4planning. Inzicht in deelnemers, inkomsten en een professionele check-in voor jouw evenementen.","og_url":"https:\/\/4planning.nl\/de\/functies\/tickets-toegang\/","og_site_name":"4planning.nl","article_modified_time":"2026-03-01T15:12:32+00:00","twitter_card":"summary_large_image","twitter_misc":{"Gesch\u00e4tzte Lesezeit":"1\u00a0Minute"},"schema":{"@context":"https:\/\/schema.org","@graph":[{"@type":"WebPage","@id":"https:\/\/4planning.nl\/functies\/tickets-toegang\/","url":"https:\/\/4planning.nl\/functies\/tickets-toegang\/","name":"Tickets & toegang - 4planning.nl","isPartOf":{"@id":"https:\/\/4planning.nl\/#website"},"datePublished":"2026-03-01T13:04:52+00:00","dateModified":"2026-03-01T15:12:32+00:00","description":"Verkoop tickets en beheer toegangscontrole eenvoudig met 4planning. Inzicht in deelnemers, inkomsten en een professionele check-in voor jouw evenementen.","breadcrumb":{"@id":"https:\/\/4planning.nl\/functies\/tickets-toegang\/#breadcrumb"},"inLanguage":"de","potentialAction":[{"@type":"ReadAction","target":["https:\/\/4planning.nl\/functies\/tickets-toegang\/"]}]},{"@type":"BreadcrumbList","@id":"https:\/\/4planning.nl\/functies\/tickets-toegang\/#breadcrumb","itemListElement":[{"@type":"ListItem","position":1,"name":"Home","item":"https:\/\/4planning.nl\/"},{"@type":"ListItem","position":2,"name":"Functies","item":"https:\/\/4planning.nl\/functies\/"},{"@type":"ListItem","position":3,"name":"Tickets &#038; toegang"}]},{"@type":"WebSite","@id":"https:\/\/4planning.nl\/#website","url":"https:\/\/4planning.nl\/","name":"4planning.co.uk","description":"Das macht die Planung leicht!","publisher":{"@id":"https:\/\/4planning.nl\/#organization"},"potentialAction":[{"@type":"SearchAction","target":{"@type":"EntryPoint","urlTemplate":"https:\/\/4planning.nl\/?s={search_term_string}"},"query-input":{"@type":"PropertyValueSpecification","valueRequired":true,"valueName":"search_term_string"}}],"inLanguage":"de"},{"@type":"Organization","@id":"https:\/\/4planning.nl\/#organization","name":"4planning.co.uk","url":"https:\/\/4planning.nl\/","logo":{"@type":"ImageObject","inLanguage":"de","@id":"https:\/\/4planning.nl\/#\/schema\/logo\/image\/","url":"https:\/\/4planning.nl\/wp-content\/uploads\/2024\/08\/4planning-logo.png","contentUrl":"https:\/\/4planning.nl\/wp-content\/uploads\/2024\/08\/4planning-logo.png","width":4569,"height":783,"caption":"4planning.nl"},"image":{"@id":"https:\/\/4planning.nl\/#\/schema\/logo\/image\/"}}]}},"_links":{"self":[{"href":"https:\/\/4planning.nl\/de\/wp-json\/wp\/v2\/pages\/6943","targetHints":{"allow":["GET"]}}],"collection":[{"href":"https:\/\/4planning.nl\/de\/wp-json\/wp\/v2\/pages"}],"about":[{"href":"https:\/\/4planning.nl\/de\/wp-json\/wp\/v2\/types\/page"}],"author":[{"embeddable":true,"href":"https:\/\/4planning.nl\/de\/wp-json\/wp\/v2\/users\/1"}],"replies":[{"embeddable":true,"href":"https:\/\/4planning.nl\/de\/wp-json\/wp\/v2\/comments?post=6943"}],"version-history":[{"count":0,"href":"https:\/\/4planning.nl\/de\/wp-json\/wp\/v2\/pages\/6943\/revisions"}],"up":[{"embeddable":true,"href":"https:\/\/4planning.nl\/de\/wp-json\/wp\/v2\/pages\/474"}],"wp:attachment":[{"href":"https:\/\/4planning.nl\/de\/wp-json\/wp\/v2\/media?parent=6943"}],"curies":[{"name":"wp","href":"https:\/\/api.w.org\/{rel}","templated":true}]}}