{"id":5018,"date":"2025-06-17T16:25:11","date_gmt":"2025-06-17T14:25:11","guid":{"rendered":"https:\/\/4planning.nl\/?page_id=5018"},"modified":"2025-07-01T10:36:47","modified_gmt":"2025-07-01T08:36:47","slug":"einarbeitung","status":"publish","type":"page","link":"https:\/\/4planning.nl\/de\/ondersteuning\/onboarding\/","title":{"rendered":"Onboarding"},"content":{"rendered":"<div data-elementor-type=\"wp-page\" data-elementor-id=\"5018\" class=\"elementor elementor-5018\" data-elementor-post-type=\"page\">\n\t\t\t\t<div class=\"elementor-element elementor-element-02a1a99 e-flex e-con-boxed e-con e-parent\" data-id=\"02a1a99\" data-element_type=\"container\" data-e-type=\"container\">\n\t\t\t\t\t<div class=\"e-con-inner\">\n\t\t<div class=\"elementor-element elementor-element-6b63fe0 e-con-full e-flex e-con e-child\" data-id=\"6b63fe0\" data-element_type=\"container\" data-e-type=\"container\">\n\t\t<div class=\"elementor-element elementor-element-de870fe e-con-full e-flex e-con e-child\" data-id=\"de870fe\" data-element_type=\"container\" data-e-type=\"container\">\n\t\t\t\t<div class=\"elementor-element elementor-element-7365f86 elementor-view-default elementor-widget elementor-widget-icon\" data-id=\"7365f86\" data-element_type=\"widget\" data-e-type=\"widget\" data-widget_type=\"icon.default\">\n\t\t\t\t<div class=\"elementor-widget-container\">\n\t\t\t\t\t\t\t<div class=\"elementor-icon-wrapper\">\n\t\t\t<div class=\"elementor-icon\">\n\t\t\t<svg xmlns=\"http:\/\/www.w3.org\/2000\/svg\" width=\"56\" height=\"56\" viewbox=\"0 0 56 56\" fill=\"none\"><rect width=\"56\" height=\"56\" rx=\"6\" fill=\"#E73144\" fill-opacity=\"0.14\"><\/rect><path d=\"M23.5493 18.9437L19.7353 22.7487C19.0349 23.4476 18.3915 24.088 17.883 24.6684C17.539 25.051 17.2284 25.4625 16.9547 25.8982L16.9187 25.8607L16.7762 25.7198C16.1117 25.0779 15.3322 24.567 14.4785 24.214L14.294 24.139L13.7256 23.914C13.5486 23.8442 13.3917 23.7314 13.2692 23.5859C13.1467 23.4403 13.0623 23.2665 13.0238 23.0801C12.9852 22.8938 12.9937 22.7008 13.0484 22.5185C13.1031 22.3363 13.2023 22.1705 13.3371 22.0362C15.0169 20.3595 17.0341 18.3482 18.009 17.9448C18.8557 17.5911 19.7822 17.4725 20.6907 17.6013C21.5096 17.7228 22.2835 18.1443 23.5493 18.9437ZM30.0629 38.966C30.3704 39.278 30.5729 39.4985 30.7588 39.7339C31.0018 40.0449 31.2188 40.3738 31.4098 40.7208C31.6227 41.1107 31.7892 41.5262 32.1207 42.3586C32.1857 42.516 32.2886 42.6549 32.4202 42.763C32.5519 42.8712 32.7081 42.9451 32.8752 42.9783C33.0422 43.0116 33.2149 43.0031 33.3779 42.9536C33.5409 42.904 33.6891 42.8151 33.8094 42.6945L33.9354 42.5701C35.6152 40.8948 37.6324 38.8835 38.0374 37.9132C38.3931 37.0702 38.5119 36.1461 38.3808 35.2405C38.2594 34.4231 37.8379 33.6507 37.0355 32.3879L33.208 36.2034C32.4911 36.9188 31.8342 37.5742 31.2388 38.0871C30.8833 38.3961 30.4934 38.7021 30.0629 38.966Z\" fill=\"#E73144\"><\/path><path fill-rule=\"evenodd\" clip-rule=\"evenodd\" d=\"M31.6727 34.5627L40.4421 25.8188C41.7049 24.5605 42.3363 23.9306 42.6678 23.1312C42.9992 22.3318 43.0007 21.4394 43.0007 19.6591V18.8087C43.0007 16.0701 43.0007 14.7008 42.1473 13.8504C41.2939 13 39.9216 13 37.1755 13H36.3206C34.5358 13 33.6434 13 32.841 13.3315C32.0372 13.6629 31.4057 14.2928 30.1414 15.5512L21.3736 24.295C19.8977 25.7648 18.9829 26.6782 18.6289 27.5586C18.5193 27.8261 18.4622 28.1123 18.4609 28.4015C18.4609 29.6043 19.4313 30.5732 21.3736 32.5094L21.6345 32.7689L24.6911 29.6658C24.7948 29.5605 24.9182 29.4767 25.0543 29.4191C25.1904 29.3616 25.3365 29.3314 25.4843 29.3302C25.632 29.3291 25.7786 29.3571 25.9155 29.4127C26.0525 29.4682 26.1771 29.5501 26.2824 29.6538C26.3877 29.7575 26.4715 29.8809 26.5291 30.017C26.5867 30.1531 26.6169 30.2992 26.618 30.447C26.6191 30.5947 26.5911 30.7413 26.5356 30.8782C26.4801 31.0152 26.3981 31.1398 26.2944 31.2451L23.2273 34.3572L23.4328 34.5627C25.375 36.4974 26.3469 37.4663 27.5527 37.4663C27.8197 37.4663 28.0747 37.4198 28.3311 37.3253C29.2355 36.9924 30.1594 36.0715 31.6727 34.5627ZM35.7927 24.295C35.2456 24.84 34.5049 25.1461 33.7327 25.1461C32.9605 25.1461 32.2197 24.84 31.6727 24.295C31.402 24.026 31.1871 23.7061 31.0405 23.3537C30.8939 23.0013 30.8184 22.6234 30.8184 22.2418C30.8184 21.8601 30.8939 21.4822 31.0405 21.1299C31.1871 20.7775 31.402 20.4576 31.6727 20.1886C32.2197 19.6435 32.9605 19.3375 33.7327 19.3375C34.5049 19.3375 35.2456 19.6435 35.7927 20.1886C36.0634 20.4576 36.2782 20.7775 36.4248 21.1299C36.5714 21.4822 36.6469 21.8601 36.6469 22.2418C36.6469 22.6234 36.5714 23.0013 36.4248 23.3537C36.2782 23.7061 36.0634 24.026 35.7927 24.295Z\" fill=\"#E73144\"><\/path><\/svg>\t\t\t<\/div>\n\t\t<\/div>\n\t\t\t\t\t\t<\/div>\n\t\t\t\t<\/div>\n\t\t\t\t<div class=\"elementor-element elementor-element-b217762 elementor-widget-tablet__width-inherit elementor-widget elementor-widget-heading\" data-id=\"b217762\" data-element_type=\"widget\" data-e-type=\"widget\" data-widget_type=\"heading.default\">\n\t\t\t\t<div class=\"elementor-widget-container\">\n\t\t\t\t\t<h2 class=\"elementor-heading-title elementor-size-default\">Erste Schritte mit <span class=\"highlight\">4Planung<\/span><\/h2>\t\t\t\t<\/div>\n\t\t\t\t<\/div>\n\t\t\t\t<div class=\"elementor-element elementor-element-09e4bae elementor-widget__width-initial elementor-widget-tablet__width-inherit elementor-widget elementor-widget-text-editor\" data-id=\"09e4bae\" data-element_type=\"widget\" data-e-type=\"widget\" data-widget_type=\"text-editor.default\">\n\t\t\t\t<div class=\"elementor-widget-container\">\n\t\t\t\t\t\t\t\t\t<p>Wir von 4planning glauben, dass ein guter Start die halbe Miete ist. Deshalb begleiten wir Sie Schritt f\u00fcr Schritt beim Onboarding. Wir richten Ihre Umgebung komplett mit der richtigen Corporate Identity ein, z. B. mit Logos, Farben und Einstellungen, die zu Ihrer Organisation passen. Dann informieren wir Ihre Mitglieder beispielsweise \u00fcber einen ma\u00dfgeschneiderten Newsletter und laden sie auf die Plattform ein. Wir sorgen daf\u00fcr, dass jeder Nutzer sofort mit der richtigen Gruppe verkn\u00fcpft wird, egal ob es sich um einen Ausschuss, einen Vorstand oder ein Team handelt.<\/p><p>W\u00e4hrend des gesamten Prozesses behalten wir den Fortschritt im Auge und sorgen daf\u00fcr, dass alles reibungslos abl\u00e4uft. So k\u00f6nnen Sie sich auf den Inhalt konzentrieren, w\u00e4hrend wir daf\u00fcr sorgen, dass das System so funktioniert, wie es soll.<\/p>\t\t\t\t\t\t\t\t<\/div>\n\t\t\t\t<\/div>\n\t\t\t\t<\/div>\n\t\t\t\t<\/div>\n\t\t<div class=\"elementor-element elementor-element-806f7b6 e-con-full e-flex e-con e-child\" data-id=\"806f7b6\" data-element_type=\"container\" data-e-type=\"container\" data-settings=\"{&quot;background_background&quot;:&quot;classic&quot;}\">\n\t\t<div class=\"elementor-element elementor-element-395f425 e-con-full e-flex e-con e-child\" data-id=\"395f425\" data-element_type=\"container\" data-e-type=\"container\">\n\t\t\t\t<div class=\"elementor-element elementor-element-3ae944b elementor-widget elementor-widget-heading\" data-id=\"3ae944b\" data-element_type=\"widget\" data-e-type=\"widget\" data-widget_type=\"heading.default\">\n\t\t\t\t<div class=\"elementor-widget-container\">\n\t\t\t\t\t<span class=\"elementor-heading-title elementor-size-default\">Kostenlos<\/span>\t\t\t\t<\/div>\n\t\t\t\t<\/div>\n\t\t<div class=\"elementor-element elementor-element-697505b e-con-full e-flex e-con e-child\" data-id=\"697505b\" data-element_type=\"container\" data-e-type=\"container\">\n\t\t\t\t<div class=\"elementor-element elementor-element-8bc3edb elementor-widget elementor-widget-heading\" data-id=\"8bc3edb\" data-element_type=\"widget\" data-e-type=\"widget\" data-widget_type=\"heading.default\">\n\t\t\t\t<div class=\"elementor-widget-container\">\n\t\t\t\t\t<span class=\"elementor-heading-title elementor-size-default\">\u20ac 0,-<\/span>\t\t\t\t<\/div>\n\t\t\t\t<\/div>\n\t\t\t\t<\/div>\n\t\t\t\t<\/div>\n\t\t\t\t<div class=\"elementor-element elementor-element-e7d838a elementor-widget elementor-widget-text-editor\" data-id=\"e7d838a\" data-element_type=\"widget\" data-e-type=\"widget\" data-widget_type=\"text-editor.default\">\n\t\t\t\t<div class=\"elementor-widget-container\">\n\t\t\t\t\t\t\t\t\t<p>Starten Sie gut in den Tag!<\/p>\t\t\t\t\t\t\t\t<\/div>\n\t\t\t\t<\/div>\n\t\t\t\t<div class=\"elementor-element elementor-element-e544329 elementor-icon-list--layout-traditional elementor-list-item-link-full_width elementor-widget elementor-widget-icon-list\" data-id=\"e544329\" data-element_type=\"widget\" data-e-type=\"widget\" data-widget_type=\"icon-list.default\">\n\t\t\t\t<div class=\"elementor-widget-container\">\n\t\t\t\t\t\t\t<ul class=\"elementor-icon-list-items\">\n\t\t\t\t\t\t\t<li class=\"elementor-icon-list-item\">\n\t\t\t\t\t\t\t\t\t\t<span class=\"elementor-icon-list-text\">Was wir f\u00fcr das Onboarding anbieten:<\/span>\n\t\t\t\t\t\t\t\t\t<\/li>\n\t\t\t\t\t\t<\/ul>\n\t\t\t\t\t\t<\/div>\n\t\t\t\t<\/div>\n\t\t\t\t<div class=\"elementor-element elementor-element-aa0ec92 elementor-icon-list--layout-traditional elementor-list-item-link-full_width elementor-widget elementor-widget-icon-list\" data-id=\"aa0ec92\" data-element_type=\"widget\" data-e-type=\"widget\" data-widget_type=\"icon-list.default\">\n\t\t\t\t<div class=\"elementor-widget-container\">\n\t\t\t\t\t\t\t<ul class=\"elementor-icon-list-items\">\n\t\t\t\t\t\t\t<li class=\"elementor-icon-list-item\">\n\t\t\t\t\t\t\t\t\t\t\t<span class=\"elementor-icon-list-icon\">\n\t\t\t\t\t\t\t<svg aria-hidden=\"true\" class=\"e-font-icon-svg e-fas-plus\" viewbox=\"0 0 448 512\" xmlns=\"http:\/\/www.w3.org\/2000\/svg\"><path d=\"M416 208H272V64c0-17.67-14.33-32-32-32h-32c-17.67 0-32 14.33-32 32v144H32c-17.67 0-32 14.33-32 32v32c0 17.67 14.33 32 32 32h144v144c0 17.67 14.33 32 32 32h32c17.67 0 32-14.33 32-32V304h144c17.67 0 32-14.33 32-32v-32c0-17.67-14.33-32-32-32z\"><\/path><\/svg>\t\t\t\t\t\t<\/span>\n\t\t\t\t\t\t\t\t\t\t<span class=\"elementor-icon-list-text\">Pers\u00f6nliche Starthilfe<\/span>\n\t\t\t\t\t\t\t\t\t<\/li>\n\t\t\t\t\t\t\t\t<li class=\"elementor-icon-list-item\">\n\t\t\t\t\t\t\t\t\t\t\t<span class=\"elementor-icon-list-icon\">\n\t\t\t\t\t\t\t<svg aria-hidden=\"true\" class=\"e-font-icon-svg e-fas-plus\" viewbox=\"0 0 448 512\" xmlns=\"http:\/\/www.w3.org\/2000\/svg\"><path d=\"M416 208H272V64c0-17.67-14.33-32-32-32h-32c-17.67 0-32 14.33-32 32v144H32c-17.67 0-32 14.33-32 32v32c0 17.67 14.33 32 32 32h144v144c0 17.67 14.33 32 32 32h32c17.67 0 32-14.33 32-32V304h144c17.67 0 32-14.33 32-32v-32c0-17.67-14.33-32-32-32z\"><\/path><\/svg>\t\t\t\t\t\t<\/span>\n\t\t\t\t\t\t\t\t\t\t<span class=\"elementor-icon-list-text\">Komplette Gestaltung Ihrer Umgebung (Logos, Farben, Einstellungen)<\/span>\n\t\t\t\t\t\t\t\t\t<\/li>\n\t\t\t\t\t\t\t\t<li class=\"elementor-icon-list-item\">\n\t\t\t\t\t\t\t\t\t\t\t<span class=\"elementor-icon-list-icon\">\n\t\t\t\t\t\t\t<svg aria-hidden=\"true\" class=\"e-font-icon-svg e-fas-plus\" viewbox=\"0 0 448 512\" xmlns=\"http:\/\/www.w3.org\/2000\/svg\"><path d=\"M416 208H272V64c0-17.67-14.33-32-32-32h-32c-17.67 0-32 14.33-32 32v144H32c-17.67 0-32 14.33-32 32v32c0 17.67 14.33 32 32 32h144v144c0 17.67 14.33 32 32 32h32c17.67 0 32-14.33 32-32V304h144c17.67 0 32-14.33 32-32v-32c0-17.67-14.33-32-32-32z\"><\/path><\/svg>\t\t\t\t\t\t<\/span>\n\t\t\t\t\t\t\t\t\t\t<span class=\"elementor-icon-list-text\">Hilfe bei der Information und Einladung von Mitgliedern<\/span>\n\t\t\t\t\t\t\t\t\t<\/li>\n\t\t\t\t\t\t\t\t<li class=\"elementor-icon-list-item\">\n\t\t\t\t\t\t\t\t\t\t\t<span class=\"elementor-icon-list-icon\">\n\t\t\t\t\t\t\t<svg aria-hidden=\"true\" class=\"e-font-icon-svg e-fas-plus\" viewbox=\"0 0 448 512\" xmlns=\"http:\/\/www.w3.org\/2000\/svg\"><path d=\"M416 208H272V64c0-17.67-14.33-32-32-32h-32c-17.67 0-32 14.33-32 32v144H32c-17.67 0-32 14.33-32 32v32c0 17.67 14.33 32 32 32h144v144c0 17.67 14.33 32 32 32h32c17.67 0 32-14.33 32-32V304h144c17.67 0 32-14.33 32-32v-32c0-17.67-14.33-32-32-32z\"><\/path><\/svg>\t\t\t\t\t\t<\/span>\n\t\t\t\t\t\t\t\t\t\t<span class=\"elementor-icon-list-text\">Mitglieder automatisch mit den entsprechenden Gruppen verkn\u00fcpfen<\/span>\n\t\t\t\t\t\t\t\t\t<\/li>\n\t\t\t\t\t\t\t\t<li class=\"elementor-icon-list-item\">\n\t\t\t\t\t\t\t\t\t\t\t<span class=\"elementor-icon-list-icon\">\n\t\t\t\t\t\t\t<svg aria-hidden=\"true\" class=\"e-font-icon-svg e-fas-plus\" viewbox=\"0 0 448 512\" xmlns=\"http:\/\/www.w3.org\/2000\/svg\"><path d=\"M416 208H272V64c0-17.67-14.33-32-32-32h-32c-17.67 0-32 14.33-32 32v144H32c-17.67 0-32 14.33-32 32v32c0 17.67 14.33 32 32 32h144v144c0 17.67 14.33 32 32 32h32c17.67 0 32-14.33 32-32V304h144c17.67 0 32-14.33 32-32v-32c0-17.67-14.33-32-32-32z\"><\/path><\/svg>\t\t\t\t\t\t<\/span>\n\t\t\t\t\t\t\t\t\t\t<span class=\"elementor-icon-list-text\">Newsletter oder Nachrichten f\u00fcr die Kommunikation mit Mitgliedern<\/span>\n\t\t\t\t\t\t\t\t\t<\/li>\n\t\t\t\t\t\t\t\t<li class=\"elementor-icon-list-item\">\n\t\t\t\t\t\t\t\t\t\t\t<span class=\"elementor-icon-list-icon\">\n\t\t\t\t\t\t\t<svg aria-hidden=\"true\" class=\"e-font-icon-svg e-fas-plus\" viewbox=\"0 0 448 512\" xmlns=\"http:\/\/www.w3.org\/2000\/svg\"><path d=\"M416 208H272V64c0-17.67-14.33-32-32-32h-32c-17.67 0-32 14.33-32 32v144H32c-17.67 0-32 14.33-32 32v32c0 17.67 14.33 32 32 32h144v144c0 17.67 14.33 32 32 32h32c17.67 0 32-14.33 32-32V304h144c17.67 0 32-14.33 32-32v-32c0-17.67-14.33-32-32-32z\"><\/path><\/svg>\t\t\t\t\t\t<\/span>\n\t\t\t\t\t\t\t\t\t\t<span class=\"elementor-icon-list-text\">\u00dcberpr\u00fcfung des ordnungsgem\u00e4\u00dfen Funktionierens des Systems<\/span>\n\t\t\t\t\t\t\t\t\t<\/li>\n\t\t\t\t\t\t\t\t<li class=\"elementor-icon-list-item\">\n\t\t\t\t\t\t\t\t\t\t\t<span class=\"elementor-icon-list-icon\">\n\t\t\t\t\t\t\t<svg aria-hidden=\"true\" class=\"e-font-icon-svg e-fas-plus\" viewbox=\"0 0 448 512\" xmlns=\"http:\/\/www.w3.org\/2000\/svg\"><path d=\"M416 208H272V64c0-17.67-14.33-32-32-32h-32c-17.67 0-32 14.33-32 32v144H32c-17.67 0-32 14.33-32 32v32c0 17.67 14.33 32 32 32h144v144c0 17.67 14.33 32 32 32h32c17.67 0 32-14.33 32-32V304h144c17.67 0 32-14.33 32-32v-32c0-17.67-14.33-32-32-32z\"><\/path><\/svg>\t\t\t\t\t\t<\/span>\n\t\t\t\t\t\t\t\t\t\t<span class=\"elementor-icon-list-text\">Reibungsloser Start ohne Sorgen<\/span>\n\t\t\t\t\t\t\t\t\t<\/li>\n\t\t\t\t\t\t<\/ul>\n\t\t\t\t\t\t<\/div>\n\t\t\t\t<\/div>\n\t\t\t\t<div class=\"elementor-element elementor-element-77f9c96 elementor-align-justify elementor-widget__width-auto elementor-widget elementor-widget-button\" data-id=\"77f9c96\" data-element_type=\"widget\" data-e-type=\"widget\" data-widget_type=\"button.default\">\n\t\t\t\t<div class=\"elementor-widget-container\">\n\t\t\t\t\t\t\t\t\t<div class=\"elementor-button-wrapper\">\n\t\t\t\t\t<a class=\"elementor-button elementor-button-link elementor-size-sm\" href=\"https:\/\/4planning.nl\/de\/contact\/\">\n\t\t\t\t\t\t<span class=\"elementor-button-content-wrapper\">\n\t\t\t\t\t\t\t\t\t<span class=\"elementor-button-text\">M\u00f6glichkeiten besprechen<\/span>\n\t\t\t\t\t<\/span>\n\t\t\t\t\t<\/a>\n\t\t\t\t<\/div>\n\t\t\t\t\t\t\t\t<\/div>\n\t\t\t\t<\/div>\n\t\t\t\t<\/div>\n\t\t\t\t\t<\/div>\n\t\t\t\t<\/div>\n\t\t\t\t<\/div>","protected":false},"excerpt":{"rendered":"<p>&nbsp; Aan de slag met 4planning Bij 4planning geloven we dat een goede start het halve werk is. Daarom begeleiden we je stap voor stap tijdens de onboarding. We richten jouw omgeving volledig in met de juiste huisstijl, zoals logo\u2019s, kleuren en instellingen die passen bij jouw organisatie. Daarna informeren we je leden via bijvoorbeeld [&hellip;]<\/p>\n","protected":false},"author":1,"featured_media":0,"parent":891,"menu_order":0,"comment_status":"closed","ping_status":"closed","template":"","meta":{"_acf_changed":false,"footnotes":""},"class_list":["post-5018","page","type-page","status-publish","hentry"],"acf":[],"yoast_head":"<!-- This site is optimized with the Yoast SEO plugin v27.4 - https:\/\/yoast.com\/product\/yoast-seo-wordpress\/ -->\n<title>Onboarding - 4planning.nl<\/title>\n<meta name=\"description\" content=\"We maken je start met 4planning zo makkelijk mogelijk met onboarding. We helpen je bij het opzetten van je omgeving, en alles daaromheen.\" \/>\n<meta name=\"robots\" content=\"index, follow, max-snippet:-1, max-image-preview:large, max-video-preview:-1\" \/>\n<link rel=\"canonical\" href=\"https:\/\/4planning.nl\/de\/unterstutzung\/einarbeitung\/\" \/>\n<meta property=\"og:locale\" content=\"de_DE\" \/>\n<meta property=\"og:type\" content=\"article\" \/>\n<meta property=\"og:title\" content=\"Onboarding - 4planning.nl\" \/>\n<meta property=\"og:description\" content=\"We maken je start met 4planning zo makkelijk mogelijk met onboarding. We helpen je bij het opzetten van je omgeving, en alles daaromheen.\" \/>\n<meta property=\"og:url\" content=\"https:\/\/4planning.nl\/de\/unterstutzung\/einarbeitung\/\" \/>\n<meta property=\"og:site_name\" content=\"4planning.nl\" \/>\n<meta property=\"article:publisher\" content=\"https:\/\/www.facebook.com\/4planning.nl\" \/>\n<meta property=\"article:modified_time\" content=\"2025-07-01T08:36:47+00:00\" \/>\n<meta name=\"twitter:card\" content=\"summary_large_image\" \/>\n<meta name=\"twitter:label1\" content=\"Gesch\u00e4tzte Lesezeit\" \/>\n\t<meta name=\"twitter:data1\" content=\"1\u00a0Minute\" \/>\n<script type=\"application\/ld+json\" class=\"yoast-schema-graph\">{\"@context\":\"https:\\\/\\\/schema.org\",\"@graph\":[{\"@type\":\"WebPage\",\"@id\":\"https:\\\/\\\/4planning.nl\\\/ondersteuning\\\/onboarding\\\/\",\"url\":\"https:\\\/\\\/4planning.nl\\\/ondersteuning\\\/onboarding\\\/\",\"name\":\"Onboarding - 4planning.nl\",\"isPartOf\":{\"@id\":\"https:\\\/\\\/4planning.nl\\\/#website\"},\"datePublished\":\"2025-06-17T14:25:11+00:00\",\"dateModified\":\"2025-07-01T08:36:47+00:00\",\"description\":\"We maken je start met 4planning zo makkelijk mogelijk met onboarding. We helpen je bij het opzetten van je omgeving, en alles daaromheen.\",\"breadcrumb\":{\"@id\":\"https:\\\/\\\/4planning.nl\\\/ondersteuning\\\/onboarding\\\/#breadcrumb\"},\"inLanguage\":\"de\",\"potentialAction\":[{\"@type\":\"ReadAction\",\"target\":[\"https:\\\/\\\/4planning.nl\\\/ondersteuning\\\/onboarding\\\/\"]}]},{\"@type\":\"BreadcrumbList\",\"@id\":\"https:\\\/\\\/4planning.nl\\\/ondersteuning\\\/onboarding\\\/#breadcrumb\",\"itemListElement\":[{\"@type\":\"ListItem\",\"position\":1,\"name\":\"Home\",\"item\":\"https:\\\/\\\/4planning.nl\\\/\"},{\"@type\":\"ListItem\",\"position\":2,\"name\":\"Ondersteuning\",\"item\":\"https:\\\/\\\/4planning.nl\\\/ondersteuning\\\/\"},{\"@type\":\"ListItem\",\"position\":3,\"name\":\"Onboarding\"}]},{\"@type\":\"WebSite\",\"@id\":\"https:\\\/\\\/4planning.nl\\\/#website\",\"url\":\"https:\\\/\\\/4planning.nl\\\/\",\"name\":\"4planning.nl\",\"description\":\"Maakt plannen eenvoudig!\",\"publisher\":{\"@id\":\"https:\\\/\\\/4planning.nl\\\/#organization\"},\"potentialAction\":[{\"@type\":\"SearchAction\",\"target\":{\"@type\":\"EntryPoint\",\"urlTemplate\":\"https:\\\/\\\/4planning.nl\\\/?s={search_term_string}\"},\"query-input\":{\"@type\":\"PropertyValueSpecification\",\"valueRequired\":true,\"valueName\":\"search_term_string\"}}],\"inLanguage\":\"de\"},{\"@type\":\"Organization\",\"@id\":\"https:\\\/\\\/4planning.nl\\\/#organization\",\"name\":\"4planning.nl\",\"url\":\"https:\\\/\\\/4planning.nl\\\/\",\"logo\":{\"@type\":\"ImageObject\",\"inLanguage\":\"de\",\"@id\":\"https:\\\/\\\/4planning.nl\\\/#\\\/schema\\\/logo\\\/image\\\/\",\"url\":\"https:\\\/\\\/4planning.nl\\\/wp-content\\\/uploads\\\/2024\\\/08\\\/4planning-logo.png\",\"contentUrl\":\"https:\\\/\\\/4planning.nl\\\/wp-content\\\/uploads\\\/2024\\\/08\\\/4planning-logo.png\",\"width\":4569,\"height\":783,\"caption\":\"4planning.nl\"},\"image\":{\"@id\":\"https:\\\/\\\/4planning.nl\\\/#\\\/schema\\\/logo\\\/image\\\/\"},\"sameAs\":[\"https:\\\/\\\/www.facebook.com\\\/4planning.nl\",\"https:\\\/\\\/www.instagram.com\\\/4planningnl\",\"https:\\\/\\\/www.linkedin.com\\\/company\\\/4planningnl\\\/\",\"https:\\\/\\\/www.tiktok.com\\\/@4planning.nl\\\/\",\"https:\\\/\\\/www.youtube.com\\\/@4planningnl\\\/\"]}]}<\/script>\n<!-- \/ Yoast SEO plugin. -->","yoast_head_json":{"title":"Onboarding - 4planning.nl","description":"Wir machen Ihren Start mit 4planning so einfach wie m\u00f6glich mit Onboarding. Wir helfen Ihnen bei der Einrichtung Ihrer Umgebung und allem, was dazu geh\u00f6rt.","robots":{"index":"index","follow":"follow","max-snippet":"max-snippet:-1","max-image-preview":"max-image-preview:large","max-video-preview":"max-video-preview:-1"},"canonical":"https:\/\/4planning.nl\/de\/unterstutzung\/einarbeitung\/","og_locale":"de_DE","og_type":"article","og_title":"Onboarding - 4planning.nl","og_description":"We maken je start met 4planning zo makkelijk mogelijk met onboarding. We helpen je bij het opzetten van je omgeving, en alles daaromheen.","og_url":"https:\/\/4planning.nl\/de\/unterstutzung\/einarbeitung\/","og_site_name":"4planning.nl","article_publisher":"https:\/\/www.facebook.com\/4planning.nl","article_modified_time":"2025-07-01T08:36:47+00:00","twitter_card":"summary_large_image","twitter_misc":{"Gesch\u00e4tzte Lesezeit":"1\u00a0Minute"},"schema":{"@context":"https:\/\/schema.org","@graph":[{"@type":"WebPage","@id":"https:\/\/4planning.nl\/ondersteuning\/onboarding\/","url":"https:\/\/4planning.nl\/ondersteuning\/onboarding\/","name":"Onboarding - 4planning.nl","isPartOf":{"@id":"https:\/\/4planning.nl\/#website"},"datePublished":"2025-06-17T14:25:11+00:00","dateModified":"2025-07-01T08:36:47+00:00","description":"Wir machen Ihren Start mit 4planning so einfach wie m\u00f6glich mit Onboarding. Wir helfen Ihnen bei der Einrichtung Ihrer Umgebung und allem, was dazu geh\u00f6rt.","breadcrumb":{"@id":"https:\/\/4planning.nl\/ondersteuning\/onboarding\/#breadcrumb"},"inLanguage":"de","potentialAction":[{"@type":"ReadAction","target":["https:\/\/4planning.nl\/ondersteuning\/onboarding\/"]}]},{"@type":"BreadcrumbList","@id":"https:\/\/4planning.nl\/ondersteuning\/onboarding\/#breadcrumb","itemListElement":[{"@type":"ListItem","position":1,"name":"Home","item":"https:\/\/4planning.nl\/"},{"@type":"ListItem","position":2,"name":"Ondersteuning","item":"https:\/\/4planning.nl\/ondersteuning\/"},{"@type":"ListItem","position":3,"name":"Onboarding"}]},{"@type":"WebSite","@id":"https:\/\/4planning.nl\/#website","url":"https:\/\/4planning.nl\/","name":"4planning.co.uk","description":"Das macht die Planung leicht!","publisher":{"@id":"https:\/\/4planning.nl\/#organization"},"potentialAction":[{"@type":"SearchAction","target":{"@type":"EntryPoint","urlTemplate":"https:\/\/4planning.nl\/?s={search_term_string}"},"query-input":{"@type":"PropertyValueSpecification","valueRequired":true,"valueName":"search_term_string"}}],"inLanguage":"de"},{"@type":"Organization","@id":"https:\/\/4planning.nl\/#organization","name":"4planning.co.uk","url":"https:\/\/4planning.nl\/","logo":{"@type":"ImageObject","inLanguage":"de","@id":"https:\/\/4planning.nl\/#\/schema\/logo\/image\/","url":"https:\/\/4planning.nl\/wp-content\/uploads\/2024\/08\/4planning-logo.png","contentUrl":"https:\/\/4planning.nl\/wp-content\/uploads\/2024\/08\/4planning-logo.png","width":4569,"height":783,"caption":"4planning.nl"},"image":{"@id":"https:\/\/4planning.nl\/#\/schema\/logo\/image\/"},"sameAs":["https:\/\/www.facebook.com\/4planning.nl","https:\/\/www.instagram.com\/4planningnl","https:\/\/www.linkedin.com\/company\/4planningnl\/","https:\/\/www.tiktok.com\/@4planning.nl\/","https:\/\/www.youtube.com\/@4planningnl\/"]}]}},"_links":{"self":[{"href":"https:\/\/4planning.nl\/de\/wp-json\/wp\/v2\/pages\/5018","targetHints":{"allow":["GET"]}}],"collection":[{"href":"https:\/\/4planning.nl\/de\/wp-json\/wp\/v2\/pages"}],"about":[{"href":"https:\/\/4planning.nl\/de\/wp-json\/wp\/v2\/types\/page"}],"author":[{"embeddable":true,"href":"https:\/\/4planning.nl\/de\/wp-json\/wp\/v2\/users\/1"}],"replies":[{"embeddable":true,"href":"https:\/\/4planning.nl\/de\/wp-json\/wp\/v2\/comments?post=5018"}],"version-history":[{"count":0,"href":"https:\/\/4planning.nl\/de\/wp-json\/wp\/v2\/pages\/5018\/revisions"}],"up":[{"embeddable":true,"href":"https:\/\/4planning.nl\/de\/wp-json\/wp\/v2\/pages\/891"}],"wp:attachment":[{"href":"https:\/\/4planning.nl\/de\/wp-json\/wp\/v2\/media?parent=5018"}],"curies":[{"name":"wp","href":"https:\/\/api.w.org\/{rel}","templated":true}]}}